{"id":1078,"date":"2018-08-22T06:42:55","date_gmt":"2018-08-22T06:42:55","guid":{"rendered":"https:\/\/northernmedia.ee\/health\/?page_id=1078"},"modified":"2019-12-06T13:28:13","modified_gmt":"2019-12-06T13:28:13","slug":"lippude-valmistamine-lippude-muuk","status":"publish","type":"page","link":"https:\/\/tameolipp.ee\/?page_id=1078","title":{"rendered":"Privaatsuspoliitika"},"content":{"rendered":"<p>Tameo Lipp O\u00dc on v\u00f5tnud endale kohustuse kaitsta klientide ja kasutajate privaatsust. Sellest l\u00e4htuvalt oleme koostanud k\u00e4esolevad privaatsuspoliitika p\u00f5him\u00f5tted, mis k\u00e4sitlevad kliendi andmete kogumist, kasutamist, avaldamist, edastamist ja talletamist. Meie tegevus internetis on koosk\u00f5las k\u00f5igi asjakohaste tegevuste ja vastavate Euroopa Liidu \u00f5igusaktide ja Eesti Vabariigi seadustega. Leia veidi aega ja tutvu meie privaatsusp\u00f5him\u00f5tetega.<\/p>\n<p>K\u00e4esolevad Privaatsustingimused kohalduvad, kui Te kasutate veebikeskkonda www.tameolipp.ee. Veebikeskkonna kasutamine loetakse Teie n\u00f5usolekuks k\u00e4esolevate Privaatsustingimustega.<\/p>\n<p><strong>Isikuandmete kogumine ja kasutamine<\/strong><\/p>\n<p>Isikuandmed on andmed, mida tameolipp.ee kogub<\/p>\n<p>Kontakt vormi kaudu paringu saatmine:<\/p>\n<ul>\n<li>Telefoni number, Nimi Kontakt vormi kaudu.<\/li>\n<li>Veebilehel kogume andmeid cookide kaudu.<\/li>\n<\/ul>\n<p><strong>Kogutud isikuandmete kasutamine<\/strong><\/p>\n<p>Kogutud isikuandmete abil saame teavitada kliente tooteuudistest, kampaaniatest ja tulevastest s\u00fcndmustest. www.tameolipp.ee v\u00f5tab \u00f5iguse saata klientidele kes on saatnud p\u00e4ringu ja aktsepteerinud tingimused uudiskirju. Klient, kes ei soovi olla meie uudiskirjaloendis v\u00f5i saada teavitusi teda huvitada v\u00f5ivatest toodetest, saab ennast adressaatide sihtr\u00fchmast igal ajal eemaldada.<\/p>\n<p><strong>Uudiskiri<\/strong><\/p>\n<p>Aktsepteerides Privaatsus poliitika kinnitate et olete tutvunud privaatsus poliitika tingimustega annate \u00f5iguse veebileht.ee k\u00e4idelda teie isikuandmeid ja saata teie e-posti aadressile tooteuudiseid, kampaaniai ja infot tulevaste s\u00fcndmuste kohta.<\/p>\n<p><strong>Teie \u00f5igused seoses isikuandmete t\u00f6\u00f6tlemisega<\/strong><\/p>\n<p>Teil on \u00f5igus saada teavet Teie isikuandmete t\u00f6\u00f6tlemise kohta isikuandmete kaitse seaduses ja teistes seadustes s\u00e4testatud m\u00e4\u00e4ral. Teil on \u00f5igus n\u00f5uda isikuandmete t\u00f6\u00f6tlemise l\u00f5petamist ning isikuandmete parandamist, sulgemist, kustutamist ja \u00fclekandmist. Kui Te leiate, et isikuandmete t\u00f6\u00f6tlemisel rikutakse Teie \u00f5igusi, on Teil \u00f5igus p\u00f6\u00f6rduda Andmekaitse Inspektsiooni v\u00f5i kohtu poole, kui seaduses ei ole s\u00e4testatud teistsugust vaidlustamise korda. Samuti v\u00f5ib Teil olla \u00f5igus n\u00f5uda kahju h\u00fcvitamist v\u00f5la\u00f5igusseaduses s\u00e4testatud alustel ja korras.<\/p>\n<p><strong>Isikuandmete kaitse<\/strong><\/p>\n<p>Tameolipp.ee rakendab k\u00f5iki ettevaatusabin\u00f5usid (sh administratiivsed, tehnilised ja f\u00fc\u00fcsilised meetmed) kliendi isikuandmete kaitsmiseks. Juurdep\u00e4\u00e4s andmete muutmiseks ja t\u00f6\u00f6tlemiseks on ainult selleks volitatud isikutel.<\/p>\n<p><strong>Turvalisus<\/strong><\/p>\n<p>K\u00f5iki tameolipp.ee k\u00fclastamise k\u00e4igus teatavaks saanud kliendi isikuandmeid k\u00e4sitletakse kui konfidentsiaalset infot.<\/p>\n<p><strong>Privaatsuspoliitika tingimused ja muudatused<\/strong><\/p>\n<p>WWW.tameolipp.ee veebisaiti kasutama asudes v\u00f5i p\u00fcsikliendi avalduse t\u00e4itmisel oled k\u00e4esolevate p\u00f5him\u00f5tete ja tingimustega tutvunud ning nendega n\u00f5ustunud. J\u00e4tame endale \u00f5iguse vajadusel privaatsuspoliitika \u00fcldtingimusi muuta, teavitades sellest k\u00f5iki p\u00fcsikliente.<\/p>\n<p>K\u00f5igi privaatsuspoliitika v\u00f5i andmet\u00f6\u00f6tluse kohta tekkivate k\u00fcsimuste v\u00f5i muredega palume v\u00f5tta meiega \u00fchendust aadressil info@tameolipp.ee<\/p>\n","protected":false},"excerpt":{"rendered":"<p>Tameo Lipp O\u00dc on v\u00f5tnud endale kohustuse kaitsta klientide ja kasutajate privaatsust. Sellest l\u00e4htuvalt oleme koostanud k\u00e4esolevad privaatsuspoliitika p\u00f5him\u00f5tted, mis k\u00e4sitlevad kliendi andmete kogumist, kasutamist, avaldamist, edastamist ja talletamist. Meie tegevus internetis on koosk\u00f5las k\u00f5igi asjakohaste tegevuste ja vastavate Euroopa Liidu \u00f5igusaktide ja Eesti Vabariigi seadustega. Leia veidi aega ja tutvu meie privaatsusp\u00f5him\u00f5tetega. K\u00e4esolevad Privaatsustingimused [&hellip;]<\/p>\n","protected":false},"author":3,"featured_media":0,"parent":0,"menu_order":0,"comment_status":"closed","ping_status":"closed","template":"","meta":{"footnotes":""},"class_list":["post-1078","page","type-page","status-publish","hentry"],"aioseo_notices":[],"_links":{"self":[{"href":"https:\/\/tameolipp.ee\/index.php?rest_route=\/wp\/v2\/pages\/1078","targetHints":{"allow":["GET"]}}],"collection":[{"href":"https:\/\/tameolipp.ee\/index.php?rest_route=\/wp\/v2\/pages"}],"about":[{"href":"https:\/\/tameolipp.ee\/index.php?rest_route=\/wp\/v2\/types\/page"}],"author":[{"embeddable":true,"href":"https:\/\/tameolipp.ee\/index.php?rest_route=\/wp\/v2\/users\/3"}],"replies":[{"embeddable":true,"href":"https:\/\/tameolipp.ee\/index.php?rest_route=%2Fwp%2Fv2%2Fcomments&post=1078"}],"version-history":[{"count":4,"href":"https:\/\/tameolipp.ee\/index.php?rest_route=\/wp\/v2\/pages\/1078\/revisions"}],"predecessor-version":[{"id":1838,"href":"https:\/\/tameolipp.ee\/index.php?rest_route=\/wp\/v2\/pages\/1078\/revisions\/1838"}],"wp:attachment":[{"href":"https:\/\/tameolipp.ee\/index.php?rest_route=%2Fwp%2Fv2%2Fmedia&parent=1078"}],"curies":[{"name":"wp","href":"https:\/\/api.w.org\/{rel}","templated":true}]}}