{"id":1665,"date":"2019-02-01T11:03:48","date_gmt":"2019-02-01T11:03:48","guid":{"rendered":"http:\/\/health.tameolipp.ee\/?page_id=1665"},"modified":"2019-02-12T21:30:24","modified_gmt":"2019-02-12T21:30:24","slug":"lipud","status":"publish","type":"page","link":"https:\/\/tameolipp.ee\/?page_id=1665","title":{"rendered":"Tr\u00fckifaili n\u00f5uded"},"content":{"rendered":"<p>Sobivad kujundusprogrammid on:<\/p>\n<ul>\n<li>Adobe Illustrator CS4 v\u00f5i varasem versioon (ai)<\/li>\n<li>Adobe Photoshop CS4 v\u00f5i varasem versioon (tiff, eps)<\/li>\n<li>Corel X6 v\u00f5i varasem versioon (cdr)<\/li>\n<\/ul>\n<p>N\u00f5uete kohane tr\u00fckifail on komposiit-pdf (PDF\/X-1a), kus fondid on tehtud kurvideks ning pildid kujundusse integreeritud.<\/p>\n<p>Kavandid peavad olema proportsioonis ja 1:1 suurusega, vectorfailid v\u00f5ivad olla ka v\u00e4hendatud 1:10 le, see tuleb kindlasti \u00e4ra m\u00e4rkida faili nimes.<\/p>\n<p>Tr\u00fckiks on vajalik CMYK v\u00f5i <strong>Pantone Solid Coated v\u00e4rvikoodid. <\/strong><\/p>\n<p><strong>Kuna k\u00f5ik Pantone v\u00e4rvid pole neljav\u00e4rvitr\u00fckis tr\u00fckitavad, oleks hea kui saadaksite CMYK koodidele lisaks ka Pantone koodid e-postiga.<\/strong><\/p>\n<p><strong>Resulutsioon suurem\u00f5\u00f5tmelistele tr\u00fckistele 150-300 dip, v\u00e4ikesem\u00f5\u00f5tmelistele ja fotodele on vaja resulutsiooni\u00a0 300 dip ja rohkem.<\/strong><\/p>\n<p><strong>\u00a0<\/strong><\/p>\n<p>Suuremahuliste failide saatmiseks\u00a0 saab kasutada<\/p>\n<p>Dropbox-i \u00a0<a href=\"http:\/\/www.dropbox.com\/\">www.dropbox.com<\/a><\/p>\n<p>WeTransfer (kuni 2 GB). <a href=\"http:\/\/www.wetransfer.com\/\">www.wetransfer.com\/<\/a><\/p>\n","protected":false},"excerpt":{"rendered":"<p>Sobivad kujundusprogrammid on: Adobe Illustrator CS4 v\u00f5i varasem versioon (ai) Adobe Photoshop CS4 v\u00f5i varasem versioon (tiff, eps) Corel X6 v\u00f5i varasem versioon (cdr) N\u00f5uete kohane tr\u00fckifail on komposiit-pdf (PDF\/X-1a), kus fondid on tehtud kurvideks ning pildid kujundusse integreeritud. Kavandid peavad olema proportsioonis ja 1:1 suurusega, vectorfailid v\u00f5ivad olla ka v\u00e4hendatud 1:10 le, see tuleb [&hellip;]<\/p>\n","protected":false},"author":3,"featured_media":0,"parent":0,"menu_order":0,"comment_status":"closed","ping_status":"closed","template":"","meta":{"footnotes":""},"class_list":["post-1665","page","type-page","status-publish","hentry"],"aioseo_notices":[],"_links":{"self":[{"href":"https:\/\/tameolipp.ee\/index.php?rest_route=\/wp\/v2\/pages\/1665","targetHints":{"allow":["GET"]}}],"collection":[{"href":"https:\/\/tameolipp.ee\/index.php?rest_route=\/wp\/v2\/pages"}],"about":[{"href":"https:\/\/tameolipp.ee\/index.php?rest_route=\/wp\/v2\/types\/page"}],"author":[{"embeddable":true,"href":"https:\/\/tameolipp.ee\/index.php?rest_route=\/wp\/v2\/users\/3"}],"replies":[{"embeddable":true,"href":"https:\/\/tameolipp.ee\/index.php?rest_route=%2Fwp%2Fv2%2Fcomments&post=1665"}],"version-history":[{"count":3,"href":"https:\/\/tameolipp.ee\/index.php?rest_route=\/wp\/v2\/pages\/1665\/revisions"}],"predecessor-version":[{"id":1705,"href":"https:\/\/tameolipp.ee\/index.php?rest_route=\/wp\/v2\/pages\/1665\/revisions\/1705"}],"wp:attachment":[{"href":"https:\/\/tameolipp.ee\/index.php?rest_route=%2Fwp%2Fv2%2Fmedia&parent=1665"}],"curies":[{"name":"wp","href":"https:\/\/api.w.org\/{rel}","templated":true}]}}