{"id":1116,"date":"2018-09-23T19:24:53","date_gmt":"2018-09-23T19:24:53","guid":{"rendered":"http:\/\/health.tameolipp.ee\/?post_type=product&#038;p=1116"},"modified":"2026-04-16T07:34:42","modified_gmt":"2026-04-16T07:34:42","slug":"eesti-mastilipp","status":"publish","type":"product","link":"https:\/\/tameolipp.ee\/?product=eesti-mastilipp","title":{"rendered":"Eesti mastilipp"},"content":{"rendered":"<p>Eesti mastilipud on valmistatud \u00f5hukesest ja paksemast vastupidavast lipukangast koos kinnituskonksudega.\u00a0 <strong>\u00d5hemast lipukangast<\/strong> lipud sobivad nii eraisikutele\u00a0 kui asutustele , kui lippu heisatakse t\u00e4htp\u00e4evadel v\u00f5i lipp on heisatud igap\u00e4evaselt.<\/p>\n<p>Trikoloori v\u00e4rvilaiud on kokku \u00f5mmeldud sama v\u00e4rvi niidiga ja lipu \u00e4\u00e4red \u00e4\u00e4ristatud.<\/p>\n<p><strong>Kohustuslikud lipup\u00e4evad eraisikutele on<\/strong>:<br \/>\n24. veebruar (Eesti Vabariigi aastap\u00e4ev)<br \/>\n23. ja 24. juuni (V\u00f5idup\u00fcha), lippu 23. juunil ei langetata<br \/>\n20. august (Eesti Vabariigi taasiseseisvumisp\u00e4ev)<\/p>\n<p><strong>Lippude suurused:<\/strong><br \/>\n105 x 165 cm (6 m mastile)<br \/>\n120 x 189 cm (7 m mastile)<br \/>\n135 x 212 cm (8 m mastile)<br \/>\n150 x 236 cm (9 m mastile)<br \/>\n165 x 259 cm (10 m mastile)<br \/>\n183 x 288 cm (11 m mastile)<br \/>\n200 x 314 cm (12 m mastile)<\/p>\n","protected":false},"excerpt":{"rendered":"<p>Eesti mastilipud on valmistatud \u00f5hukesest ja paksemast vastupidavast lipukangast koos kinnituskonksudega.\u00a0 \u00d5hemast lipukangast lipud sobivad nii eraisikutele\u00a0 kui asutustele , kui lippu heisatakse t\u00e4htp\u00e4evadel v\u00f5i lipp on heisatud igap\u00e4evaselt. Trikoloori v\u00e4rvilaiud on kokku \u00f5mmeldud sama v\u00e4rvi niidiga ja lipu \u00e4\u00e4red \u00e4\u00e4ristatud. Kohustuslikud lipup\u00e4evad eraisikutele on: 24. veebruar (Eesti Vabariigi aastap\u00e4ev) 23. ja 24. juuni (V\u00f5idup\u00fcha), [&hellip;]<\/p>\n","protected":false},"featured_media":1696,"template":"","meta":[],"product_cat":[53,59],"product_tag":[67,68],"class_list":{"0":"post-1116","1":"product","2":"type-product","3":"status-publish","4":"has-post-thumbnail","6":"product_cat-eesti-lipud-vimplid","7":"product_cat-eesti-mastilipp","8":"product_tag-eesti-lipp","9":"product_tag-eesti-mastilipp","11":"first","12":"instock","13":"taxable","14":"shipping-taxable","15":"purchasable","16":"product-type-variable"},"aioseo_notices":[],"_links":{"self":[{"href":"https:\/\/tameolipp.ee\/index.php?rest_route=\/wp\/v2\/product\/1116","targetHints":{"allow":["GET"]}}],"collection":[{"href":"https:\/\/tameolipp.ee\/index.php?rest_route=\/wp\/v2\/product"}],"about":[{"href":"https:\/\/tameolipp.ee\/index.php?rest_route=\/wp\/v2\/types\/product"}],"wp:featuredmedia":[{"embeddable":true,"href":"https:\/\/tameolipp.ee\/index.php?rest_route=\/wp\/v2\/media\/1696"}],"wp:attachment":[{"href":"https:\/\/tameolipp.ee\/index.php?rest_route=%2Fwp%2Fv2%2Fmedia&parent=1116"}],"wp:term":[{"taxonomy":"product_cat","embeddable":true,"href":"https:\/\/tameolipp.ee\/index.php?rest_route=%2Fwp%2Fv2%2Fproduct_cat&post=1116"},{"taxonomy":"product_tag","embeddable":true,"href":"https:\/\/tameolipp.ee\/index.php?rest_route=%2Fwp%2Fv2%2Fproduct_tag&post=1116"}],"curies":[{"name":"wp","href":"https:\/\/api.w.org\/{rel}","templated":true}]}}