{"id":1148,"date":"2018-09-24T19:24:46","date_gmt":"2018-09-24T19:24:46","guid":{"rendered":"http:\/\/health.tameolipp.ee\/?post_type=product&#038;p=1148"},"modified":"2026-04-17T00:35:22","modified_gmt":"2026-04-17T00:35:22","slug":"eesti-lipp","status":"publish","type":"product","link":"https:\/\/tameolipp.ee\/?product=eesti-lipp","title":{"rendered":"Eesti majalipp"},"content":{"rendered":"<p>Eesti majalipud on valmistatud \u00f5hukesest vastupidavast lipukangast. Trikoloor v\u00e4rvilaiud on kokku \u00f5mmeldud sama v\u00e4rvi niidiga ja lipu \u00e4\u00e4red \u00e4\u00e4ristatud. Lipu m\u00f5\u00f5dud: 105 x 165 cm.<\/p>\n<p>Soovi korral saame pakkuda ka tr\u00fckitud Eesti lippe , paksemast lipukangast valmistatud lippe ja samuti pidulikke saalilippe.<\/p>\n<p><strong>Kohustuslikud lipup\u00e4evad eraisikutele on<\/strong>:<br \/>\n24. veebruar (Eesti Vabariigi aastap\u00e4ev)<br \/>\n23. ja 24. juuni (V\u00f5idup\u00fcha), lippu 23. juunil ei langetata<br \/>\n20. august (Eesti Vabariigi taasiseseisvumisp\u00e4ev)<\/p>\n","protected":false},"excerpt":{"rendered":"<p>Eesti majalipud on valmistatud \u00f5hukesest vastupidavast lipukangast. Trikoloor v\u00e4rvilaiud on kokku \u00f5mmeldud sama v\u00e4rvi niidiga ja lipu \u00e4\u00e4red \u00e4\u00e4ristatud. Lipu m\u00f5\u00f5dud: 105 x 165 cm. Soovi korral saame pakkuda ka tr\u00fckitud Eesti lippe , paksemast lipukangast valmistatud lippe ja samuti pidulikke saalilippe. Kohustuslikud lipup\u00e4evad eraisikutele on: 24. veebruar (Eesti Vabariigi aastap\u00e4ev) 23. ja 24. juuni [&hellip;]<\/p>\n","protected":false},"featured_media":1599,"template":"","meta":[],"product_cat":[53,60],"product_tag":[67,80],"class_list":{"0":"post-1148","1":"product","2":"type-product","3":"status-publish","4":"has-post-thumbnail","6":"product_cat-eesti-lipud-vimplid","7":"product_cat-eesti-majalipp","8":"product_tag-eesti-lipp","9":"product_tag-eesti-majalipp","11":"first","12":"instock","13":"taxable","14":"shipping-taxable","15":"purchasable","16":"product-type-simple"},"aioseo_notices":[],"_links":{"self":[{"href":"https:\/\/tameolipp.ee\/index.php?rest_route=\/wp\/v2\/product\/1148","targetHints":{"allow":["GET"]}}],"collection":[{"href":"https:\/\/tameolipp.ee\/index.php?rest_route=\/wp\/v2\/product"}],"about":[{"href":"https:\/\/tameolipp.ee\/index.php?rest_route=\/wp\/v2\/types\/product"}],"wp:featuredmedia":[{"embeddable":true,"href":"https:\/\/tameolipp.ee\/index.php?rest_route=\/wp\/v2\/media\/1599"}],"wp:attachment":[{"href":"https:\/\/tameolipp.ee\/index.php?rest_route=%2Fwp%2Fv2%2Fmedia&parent=1148"}],"wp:term":[{"taxonomy":"product_cat","embeddable":true,"href":"https:\/\/tameolipp.ee\/index.php?rest_route=%2Fwp%2Fv2%2Fproduct_cat&post=1148"},{"taxonomy":"product_tag","embeddable":true,"href":"https:\/\/tameolipp.ee\/index.php?rest_route=%2Fwp%2Fv2%2Fproduct_tag&post=1148"}],"curies":[{"name":"wp","href":"https:\/\/api.w.org\/{rel}","templated":true}]}}