{"id":1151,"date":"2018-09-24T19:46:57","date_gmt":"2018-09-24T19:46:57","guid":{"rendered":"http:\/\/health.tameolipp.ee\/?post_type=product&#038;p=1151"},"modified":"2026-04-17T00:30:14","modified_gmt":"2026-04-17T00:30:14","slug":"eesti-mastivimpel","status":"publish","type":"product","link":"https:\/\/tameolipp.ee\/?product=eesti-mastivimpel","title":{"rendered":"Eesti mastivimpel"},"content":{"rendered":"<p>Mastivimplid on valmistatud\u00a0spetsiaalsest ilmastikukindlast lipukangast, mille alumine serv on lisa\u00f5mblustega\u00a0tugevdatud.<br \/>\nVimplid valmistame\u00a0 \u00f5hemast (115g)\u00a0 lipukangast.<\/p>\n<p>Pakume mastivimpleid ka p\u00e4\u00e4sukese s\u00fcmboolikaga. <strong>K\u00fcsi sobivat pikkust!<\/strong><\/p>\n<p>Mastivimpli soovituslik\u00a0 pikkus on\u00a0 1\/3\u00a0kuni 1\/2\u00a0masti pikkusest.<\/p>\n<h2><strong>Vimplite pikkused:<\/strong><\/h2>\n<ul>\n<li>35 x 200 cm (6-7 m mastile)<\/li>\n<li>35 x 250 cm (7-8 m mastile)<\/li>\n<li>35 x 300 cm (7-9 m mastile)<\/li>\n<li>35 x 350 cm (8-10 m mastile)<\/li>\n<li>40 x 400 cm (8-12 m mastile)<\/li>\n<li>45 x 450 cm (9-12 m mastile)<\/li>\n<li>50 x 500 cm (10-12 m mastile)<\/li>\n<li>55 x 550 cm (10-12 m mastile)<\/li>\n<li>60 x 600 cm (12 m ja k\u00f5rgemad mastid)<\/li>\n<\/ul>\n<p>&nbsp;<\/p>\n","protected":false},"excerpt":{"rendered":"<p>Mastivimplid on valmistatud\u00a0spetsiaalsest ilmastikukindlast lipukangast, mille alumine serv on lisa\u00f5mblustega\u00a0tugevdatud. Vimplid valmistame\u00a0 \u00f5hemast (115g)\u00a0 lipukangast. Pakume mastivimpleid ka p\u00e4\u00e4sukese s\u00fcmboolikaga. K\u00fcsi sobivat pikkust! Mastivimpli soovituslik\u00a0 pikkus on\u00a0 1\/3\u00a0kuni 1\/2\u00a0masti pikkusest. Vimplite pikkused: 35 x 200 cm (6-7 m mastile) 35 x 250 cm (7-8 m mastile) 35 x 300 cm (7-9 m mastile) 35 x [&hellip;]<\/p>\n","protected":false},"featured_media":1592,"template":"","meta":[],"product_cat":[61],"product_tag":[133,134],"class_list":{"0":"post-1151","1":"product","2":"type-product","3":"status-publish","4":"has-post-thumbnail","6":"product_cat-eesti-mastivimpel","7":"product_tag-mastivimpel","8":"product_tag-vimpel","10":"first","11":"instock","12":"taxable","13":"shipping-taxable","14":"purchasable","15":"product-type-variable"},"aioseo_notices":[],"_links":{"self":[{"href":"https:\/\/tameolipp.ee\/index.php?rest_route=\/wp\/v2\/product\/1151","targetHints":{"allow":["GET"]}}],"collection":[{"href":"https:\/\/tameolipp.ee\/index.php?rest_route=\/wp\/v2\/product"}],"about":[{"href":"https:\/\/tameolipp.ee\/index.php?rest_route=\/wp\/v2\/types\/product"}],"wp:featuredmedia":[{"embeddable":true,"href":"https:\/\/tameolipp.ee\/index.php?rest_route=\/wp\/v2\/media\/1592"}],"wp:attachment":[{"href":"https:\/\/tameolipp.ee\/index.php?rest_route=%2Fwp%2Fv2%2Fmedia&parent=1151"}],"wp:term":[{"taxonomy":"product_cat","embeddable":true,"href":"https:\/\/tameolipp.ee\/index.php?rest_route=%2Fwp%2Fv2%2Fproduct_cat&post=1151"},{"taxonomy":"product_tag","embeddable":true,"href":"https:\/\/tameolipp.ee\/index.php?rest_route=%2Fwp%2Fv2%2Fproduct_tag&post=1151"}],"curies":[{"name":"wp","href":"https:\/\/api.w.org\/{rel}","templated":true}]}}