{"id":1194,"date":"2018-10-02T20:07:41","date_gmt":"2018-10-02T20:07:41","guid":{"rendered":"http:\/\/health.tameolipp.ee\/?post_type=product&#038;p=1194"},"modified":"2026-04-20T01:30:11","modified_gmt":"2026-04-20T01:30:11","slug":"lipunmastide-muuk","status":"publish","type":"product","link":"https:\/\/tameolipp.ee\/?product=lipunmastide-muuk","title":{"rendered":"Lipumast"},"content":{"rendered":"<p>Pakume tippkvaliteediga 100% -lt Euroopa toodangut , mille valmistamiseks on kasutatud ainult Euroopa tipptootjatelt p\u00e4rit toorainet ning Rootsis toodetud tippkvaliteediga lisatarvikuid.\u00a0 Ilmastikukindlad klaasfiiber lipumastid on kindel ja pikaajaline investeering tulevikku.<\/p>\n<p>Lipumastide klaasfiiber osale on <strong>25 aastane tootja garantii <\/strong>ja teistel masti tarvikutel (va lipud, mastiviplid)<strong> 5 aastane tootja garantii<\/strong>. Sellist tootja garantiid ei paku \u00fckski teine lipumastide tootja Eesti turul. <strong>See on t\u00f5estus\u00a0 k\u00f5rgest kvaliteedist<\/strong>.\u00a0<a href=\"https:\/\/tameolipp.ee\/?p=2090\">Detailsemalt lipumastide kohta leiad SIIT.<\/a><\/p>\n<p><strong>Lipumasti komplekti kuulub<\/strong> : klaasfiiber lipumast (valge), metallist ankurkinnituss\u00fcsteem,\u00a0 n\u00f6\u00f6r, tipukuul (h\u00f5bedane, valge v\u00f5i kuldne tipukuul) , n\u00f6\u00f6ri kinnituspollar, lipukonksud 2 tk. Standartselt on lipumast v\u00e4limise n\u00f6\u00f6ris\u00fcsteemiga. Saadaval on ka sisemise n\u00f6\u00f6ris\u00fcsteemiga lipumastid.<\/p>\n<p>Soovituslik lipumasti k\u00f5rgus on 1 m \u00fcle katuseharja. <a href=\"https:\/\/tameolipp.ee\/?p=1186\">Vaatan kasulikku n\u00f5u lipumasti valikul?<\/a><\/p>\n<p><strong>PAKUME LIPUMASTIDE TRANSPORTI JA PAIGALDUST. K\u00dcSI LISA!<\/strong><\/p>\n<p><strong>Lipumastide hinnad:<\/strong><\/p>\n<ul>\n<li>6 m\u00a0<del>\u00a0 270.-\u00a0<\/del>\u00a0 \u00a0<span style=\"color: #ff0000;\">\u00a0 243.-<\/span><\/li>\n<li>7 m\u00a0\u00a0 <del>295.-\u00a0<\/del>\u00a0 \u00a0 \u00a0<span style=\"color: #ff0000;\">265.-\u00a0<\/span><\/li>\n<li>8 m\u00a0 <del>\u00a0310.-<\/del>\u00a0 \u00a0 \u00a0 <span style=\"color: #ff0000;\">279.<\/span>&#8211;<\/li>\n<li>9 m\u00a0\u00a0<del> 335.-<\/del>\u00a0 \u00a0 \u00a0 <span style=\"color: #ff0000;\">301,50<\/span><\/li>\n<li>10 m <del>430.-<\/del>\u00a0 \u00a0 \u00a0 <span style=\"color: #ff0000;\">387.<\/span>&#8211;<\/li>\n<li>12 m\u00a0 <del>490.-<\/del>\u00a0 \u00a0 \u00a0 <span style=\"color: #ff0000;\">441.-<\/span><\/li>\n<\/ul>\n<p>Hinnad sisaldavad k\u00e4ibemaksu.<\/p>\n<p>Lipumastide standard pikkused on 6 &#8211; 12 m ,kus klaasfiiber osa on \u00fches t\u00fckis.<\/p>\n<p>Eritellimusel on v\u00f5imalik valmistada t\u00e4iendavalt<strong> tugevdatud<\/strong> lipumaste, mis sobivad ekstreemsematesse tingnustesse- n\u00e4iteks k\u00f5rgemate hoonete katustele jm. Lipumaste on v\u00f5imalik tellida <strong>eriv\u00e4rvilisi RAL<\/strong> kataloogi alusel.<\/p>\n<p>Kui aga soov veel k\u00f5rgemat lipumasti paigaldada, siis on meie partneritel pakkuda :<\/p>\n<ul>\n<li>Alumiiniumist lipumastid k\u00f5rgusega kuni 30 meetrit<\/li>\n<li>Roostevabast terasest lipumastid k\u00f5rgusega kuni 40 meetrit<\/li>\n<li>Metallist lipumastid k\u00f5rgusega kuni 100 meetrit<\/li>\n<\/ul>\n<p>Lipumastide dokumentatsioon:<\/p>\n<ul>\n<li><a href=\"https:\/\/tameolipp.ee\/wp-content\/uploads\/2018\/10\/Paigaldusjuhend.pdf\">Lipumasti paigaldusjuhend<\/a><\/li>\n<li><a href=\"https:\/\/tameolipp.ee\/wp-content\/uploads\/2018\/10\/Nordmast-lipumastide-garantiitingimused-2019.pdf\">NordMast O\u00dc lipumastide garantiitingimused<\/a><\/li>\n<li><a href=\"https:\/\/tameolipp.ee\/wp-content\/uploads\/2018\/10\/Lipumasti-koostamine-VS.pdf\">Lipumasti koostamine<\/a><\/li>\n<li><a href=\"https:\/\/tameolipp.ee\/wp-content\/uploads\/2018\/10\/Nordmast-lipumastide-spetsifikatsioonid.pdf\">Nordmast lipumastide spetsifikatsioonid<\/a><\/li>\n<li><a href=\"https:\/\/tameolipp.ee\/wp-content\/uploads\/2018\/10\/Vintsiga-masti-monteerimine-ja-k\u00e4sitlemine.pdf\">Sisemise n\u00f6\u00f6ris\u00fcsteemiga masti monteerimine ja k\u00e4sitlemine<\/a><\/li>\n<li><a href=\"https:\/\/tameolipp.ee\/wp-content\/uploads\/2019\/06\/Mastide-vahed.pdf\">Lipumastide vahed<\/a><\/li>\n<\/ul>\n","protected":false},"excerpt":{"rendered":"<p>25 aastane tootja garantii!<\/p>\n<p>&nbsp;<\/p>\n","protected":false},"featured_media":1596,"template":"","meta":[],"product_cat":[189],"product_tag":[95],"class_list":{"0":"post-1194","1":"product","2":"type-product","3":"status-publish","4":"has-post-thumbnail","6":"product_cat-lipumastid-lipumastid","7":"product_tag-lipumast","9":"first","10":"instock","11":"taxable","12":"shipping-taxable","13":"product-type-simple"},"aioseo_notices":[],"_links":{"self":[{"href":"https:\/\/tameolipp.ee\/index.php?rest_route=\/wp\/v2\/product\/1194","targetHints":{"allow":["GET"]}}],"collection":[{"href":"https:\/\/tameolipp.ee\/index.php?rest_route=\/wp\/v2\/product"}],"about":[{"href":"https:\/\/tameolipp.ee\/index.php?rest_route=\/wp\/v2\/types\/product"}],"wp:featuredmedia":[{"embeddable":true,"href":"https:\/\/tameolipp.ee\/index.php?rest_route=\/wp\/v2\/media\/1596"}],"wp:attachment":[{"href":"https:\/\/tameolipp.ee\/index.php?rest_route=%2Fwp%2Fv2%2Fmedia&parent=1194"}],"wp:term":[{"taxonomy":"product_cat","embeddable":true,"href":"https:\/\/tameolipp.ee\/index.php?rest_route=%2Fwp%2Fv2%2Fproduct_cat&post=1194"},{"taxonomy":"product_tag","embeddable":true,"href":"https:\/\/tameolipp.ee\/index.php?rest_route=%2Fwp%2Fv2%2Fproduct_tag&post=1194"}],"curies":[{"name":"wp","href":"https:\/\/api.w.org\/{rel}","templated":true}]}}