{"id":1207,"date":"2018-10-02T20:34:53","date_gmt":"2018-10-02T20:34:53","guid":{"rendered":"http:\/\/health.tameolipp.ee\/?post_type=product&#038;p=1207"},"modified":"2026-04-08T00:43:26","modified_gmt":"2026-04-08T00:43:26","slug":"sisemine-noorisusteem","status":"publish","type":"product","link":"https:\/\/tameolipp.ee\/?product=sisemine-noorisusteem","title":{"rendered":"Sisemine n\u00f6\u00f6ris\u00fcsteem (Winch)"},"content":{"rendered":"<p>Komplekti kuulub sisemine n\u00f6\u00f6ris\u00fcsteemi komplekt koos v\u00e4ndaga, n\u00f6\u00f6r, lipukonks, lipuraskus. Tegu kvaliteetse Rootsi tootega. 6 &#8211; 9 meetristele mastidele sobib n\u00f6 v\u00e4ike s\u00fcsteem ja 10- 12 meetristele mastidele suurem s\u00fcsteem. Sisemist n\u00f6\u00f6ris\u00fcsteemi saab paigaldada ka juba p\u00fcstitatud lipumastile. K\u00fcsige infot selle kohta!<\/p>\n","protected":false},"excerpt":{"rendered":"<p>Komplekti kuulub sisemine n\u00f6\u00f6ris\u00fcsteemi komplekt koos v\u00e4ndaga, n\u00f6\u00f6r, lipukonks, lipuraskus. Tegu kvaliteetse Rootsi tootega. 6 &#8211; 9 meetristele mastidele sobib n\u00f6 v\u00e4ike s\u00fcsteem ja 10- 12 meetristele mastidele suurem s\u00fcsteem. Sisemist n\u00f6\u00f6ris\u00fcsteemi saab paigaldada ka juba p\u00fcstitatud lipumastile. K\u00fcsige infot selle kohta!<\/p>\n","protected":false},"featured_media":1709,"template":"","meta":[],"product_cat":[190],"product_tag":[141],"class_list":{"0":"post-1207","1":"product","2":"type-product","3":"status-publish","4":"has-post-thumbnail","6":"product_cat-lipumasti-tarvikud","7":"product_tag-sisemine-noorisusteem","9":"first","10":"instock","11":"taxable","12":"shipping-taxable","13":"purchasable","14":"product-type-variable"},"aioseo_notices":[],"_links":{"self":[{"href":"https:\/\/tameolipp.ee\/index.php?rest_route=\/wp\/v2\/product\/1207","targetHints":{"allow":["GET"]}}],"collection":[{"href":"https:\/\/tameolipp.ee\/index.php?rest_route=\/wp\/v2\/product"}],"about":[{"href":"https:\/\/tameolipp.ee\/index.php?rest_route=\/wp\/v2\/types\/product"}],"wp:featuredmedia":[{"embeddable":true,"href":"https:\/\/tameolipp.ee\/index.php?rest_route=\/wp\/v2\/media\/1709"}],"wp:attachment":[{"href":"https:\/\/tameolipp.ee\/index.php?rest_route=%2Fwp%2Fv2%2Fmedia&parent=1207"}],"wp:term":[{"taxonomy":"product_cat","embeddable":true,"href":"https:\/\/tameolipp.ee\/index.php?rest_route=%2Fwp%2Fv2%2Fproduct_cat&post=1207"},{"taxonomy":"product_tag","embeddable":true,"href":"https:\/\/tameolipp.ee\/index.php?rest_route=%2Fwp%2Fv2%2Fproduct_tag&post=1207"}],"curies":[{"name":"wp","href":"https:\/\/api.w.org\/{rel}","templated":true}]}}