{"id":1210,"date":"2018-10-02T20:50:45","date_gmt":"2018-10-02T20:50:45","guid":{"rendered":"http:\/\/health.tameolipp.ee\/?post_type=product&#038;p=1210"},"modified":"2026-04-21T02:43:47","modified_gmt":"2026-04-21T02:43:47","slug":"pollar","status":"publish","type":"product","link":"https:\/\/tameolipp.ee\/?product=pollar","title":{"rendered":"Pollar"},"content":{"rendered":"<p>Lipumasti n\u00f6\u00f6ri fiksaator &#8211; pollar. Pollar kinnitub lipumasti k\u00fclge, mille peale seotakse ja pingutatakse v\u00e4limise n\u00f6\u00f6ris\u00fcsteemiga lipumast n\u00f6\u00f6r. Komplekti kuulub: pollar, 2 x kinnituspolt, 2 x n\u00f6\u00f6rikonks.<\/p>\n","protected":false},"excerpt":{"rendered":"<p>Lipumasti n\u00f6\u00f6ri fiksaator &#8211; pollar. Pollar kinnitub lipumasti k\u00fclge, mille peale seotakse ja pingutatakse v\u00e4limise n\u00f6\u00f6ris\u00fcsteemiga lipumast n\u00f6\u00f6r. Komplekti kuulub: pollar, 2 x kinnituspolt, 2 x n\u00f6\u00f6rikonks.<\/p>\n","protected":false},"featured_media":1718,"template":"","meta":[],"product_cat":[190],"product_tag":[],"class_list":{"0":"post-1210","1":"product","2":"type-product","3":"status-publish","4":"has-post-thumbnail","6":"product_cat-lipumasti-tarvikud","8":"first","9":"instock","10":"taxable","11":"shipping-taxable","12":"purchasable","13":"product-type-simple"},"aioseo_notices":[],"_links":{"self":[{"href":"https:\/\/tameolipp.ee\/index.php?rest_route=\/wp\/v2\/product\/1210","targetHints":{"allow":["GET"]}}],"collection":[{"href":"https:\/\/tameolipp.ee\/index.php?rest_route=\/wp\/v2\/product"}],"about":[{"href":"https:\/\/tameolipp.ee\/index.php?rest_route=\/wp\/v2\/types\/product"}],"wp:featuredmedia":[{"embeddable":true,"href":"https:\/\/tameolipp.ee\/index.php?rest_route=\/wp\/v2\/media\/1718"}],"wp:attachment":[{"href":"https:\/\/tameolipp.ee\/index.php?rest_route=%2Fwp%2Fv2%2Fmedia&parent=1210"}],"wp:term":[{"taxonomy":"product_cat","embeddable":true,"href":"https:\/\/tameolipp.ee\/index.php?rest_route=%2Fwp%2Fv2%2Fproduct_cat&post=1210"},{"taxonomy":"product_tag","embeddable":true,"href":"https:\/\/tameolipp.ee\/index.php?rest_route=%2Fwp%2Fv2%2Fproduct_tag&post=1210"}],"curies":[{"name":"wp","href":"https:\/\/api.w.org\/{rel}","templated":true}]}}