{"id":1211,"date":"2018-10-02T20:54:24","date_gmt":"2018-10-02T20:54:24","guid":{"rendered":"http:\/\/health.tameolipp.ee\/?post_type=product&#038;p=1211"},"modified":"2026-04-24T02:49:37","modified_gmt":"2026-04-24T02:49:37","slug":"lipunoor","status":"publish","type":"product","link":"https:\/\/tameolipp.ee\/?product=lipunoor","title":{"rendered":"Lipumasti n\u00f6\u00f6r"},"content":{"rendered":"<p>Lipun\u00f6\u00f6r 5,5 mm. Spetsiaalne tugev ja vastupidav pol\u00fcestern\u00f6\u00f6r\u00a0 v\u00e4limise n\u00f6\u00f6ris\u00fcsteemiga lipumastidele. M\u00fc\u00fcme meetri kaupa.<\/p>\n<p>L\u00f5ike kohad tuleb kuumaga (nt tikud, tulemasin) n\u00f6\u00f6ri otstest kinni sulatada, et v\u00e4ltida n\u00f6\u00f6ri hargnemist.<\/p>\n<p>&nbsp;<\/p>\n<p>&nbsp;<\/p>\n","protected":false},"excerpt":{"rendered":"<p>Lipun\u00f6\u00f6r 5,5 mm. Spetsiaalne tugev ja vastupidav pol\u00fcestern\u00f6\u00f6r\u00a0 v\u00e4limise n\u00f6\u00f6ris\u00fcsteemiga lipumastidele. M\u00fc\u00fcme meetri kaupa. L\u00f5ike kohad tuleb kuumaga (nt tikud, tulemasin) n\u00f6\u00f6ri otstest kinni sulatada, et v\u00e4ltida n\u00f6\u00f6ri hargnemist. &nbsp; &nbsp;<\/p>\n","protected":false},"featured_media":1717,"template":"","meta":[],"product_cat":[190],"product_tag":[],"class_list":{"0":"post-1211","1":"product","2":"type-product","3":"status-publish","4":"has-post-thumbnail","6":"product_cat-lipumasti-tarvikud","8":"first","9":"instock","10":"taxable","11":"shipping-taxable","12":"purchasable","13":"product-type-simple"},"aioseo_notices":[],"_links":{"self":[{"href":"https:\/\/tameolipp.ee\/index.php?rest_route=\/wp\/v2\/product\/1211","targetHints":{"allow":["GET"]}}],"collection":[{"href":"https:\/\/tameolipp.ee\/index.php?rest_route=\/wp\/v2\/product"}],"about":[{"href":"https:\/\/tameolipp.ee\/index.php?rest_route=\/wp\/v2\/types\/product"}],"wp:featuredmedia":[{"embeddable":true,"href":"https:\/\/tameolipp.ee\/index.php?rest_route=\/wp\/v2\/media\/1717"}],"wp:attachment":[{"href":"https:\/\/tameolipp.ee\/index.php?rest_route=%2Fwp%2Fv2%2Fmedia&parent=1211"}],"wp:term":[{"taxonomy":"product_cat","embeddable":true,"href":"https:\/\/tameolipp.ee\/index.php?rest_route=%2Fwp%2Fv2%2Fproduct_cat&post=1211"},{"taxonomy":"product_tag","embeddable":true,"href":"https:\/\/tameolipp.ee\/index.php?rest_route=%2Fwp%2Fv2%2Fproduct_tag&post=1211"}],"curies":[{"name":"wp","href":"https:\/\/api.w.org\/{rel}","templated":true}]}}