{"id":1212,"date":"2018-10-02T20:56:06","date_gmt":"2018-10-02T20:56:06","guid":{"rendered":"http:\/\/health.tameolipp.ee\/?post_type=product&#038;p=1212"},"modified":"2026-04-24T15:29:01","modified_gmt":"2026-04-24T15:29:01","slug":"lipu-kinnituskonks","status":"publish","type":"product","link":"https:\/\/tameolipp.ee\/?product=lipu-kinnituskonks","title":{"rendered":"Lipu kinnituskonks"},"content":{"rendered":"<p>Vastupidavad plastikust lipun\u00f6\u00f6ri konksud. Konkse m\u00fc\u00fcme t\u00fcki kaupa. \u00dchele lipumastile l\u00e4heb vaja 2 konksu. Kui j\u00e4\u00e4te h\u00e4tta- anname n\u00f5u, kuidas konksusd kinnitada!<\/p>\n","protected":false},"excerpt":{"rendered":"<p>Vastupidavad plastikust lipun\u00f6\u00f6ri konksud. Konkse m\u00fc\u00fcme t\u00fcki kaupa. \u00dchele lipumastile l\u00e4heb vaja 2 konksu. Kui j\u00e4\u00e4te h\u00e4tta- anname n\u00f5u, kuidas konksusd kinnitada!<\/p>\n","protected":false},"featured_media":1708,"template":"","meta":[],"product_cat":[190],"product_tag":[142],"class_list":{"0":"post-1212","1":"product","2":"type-product","3":"status-publish","4":"has-post-thumbnail","6":"product_cat-lipumasti-tarvikud","7":"product_tag-lipu-kinnituskonks","9":"first","10":"instock","11":"taxable","12":"shipping-taxable","13":"purchasable","14":"product-type-simple"},"aioseo_notices":[],"_links":{"self":[{"href":"https:\/\/tameolipp.ee\/index.php?rest_route=\/wp\/v2\/product\/1212","targetHints":{"allow":["GET"]}}],"collection":[{"href":"https:\/\/tameolipp.ee\/index.php?rest_route=\/wp\/v2\/product"}],"about":[{"href":"https:\/\/tameolipp.ee\/index.php?rest_route=\/wp\/v2\/types\/product"}],"wp:featuredmedia":[{"embeddable":true,"href":"https:\/\/tameolipp.ee\/index.php?rest_route=\/wp\/v2\/media\/1708"}],"wp:attachment":[{"href":"https:\/\/tameolipp.ee\/index.php?rest_route=%2Fwp%2Fv2%2Fmedia&parent=1212"}],"wp:term":[{"taxonomy":"product_cat","embeddable":true,"href":"https:\/\/tameolipp.ee\/index.php?rest_route=%2Fwp%2Fv2%2Fproduct_cat&post=1212"},{"taxonomy":"product_tag","embeddable":true,"href":"https:\/\/tameolipp.ee\/index.php?rest_route=%2Fwp%2Fv2%2Fproduct_tag&post=1212"}],"curies":[{"name":"wp","href":"https:\/\/api.w.org\/{rel}","templated":true}]}}