{"id":1216,"date":"2018-10-03T19:21:55","date_gmt":"2018-10-03T19:21:55","guid":{"rendered":"http:\/\/health.tameolipp.ee\/?post_type=product&#038;p=1216"},"modified":"2026-04-17T00:30:44","modified_gmt":"2026-04-17T00:30:44","slug":"lipuvarras","status":"publish","type":"product","link":"https:\/\/tameolipp.ee\/?product=lipuvarras","title":{"rendered":"Puidust lipuvarras (valget v\u00e4rvi)"},"content":{"rendered":"<p>Puidust lipuvarras on\u00a0enamlevinud<strong>\u00a0<\/strong>kasutamiseks hoonete fassaadidel, siseruumides ja ka kandelipuna.<\/p>\n<p>Lipuvarras on \u00fches t\u00fckis, valget v\u00e4rvi ja pikkustega 2,5m.<\/p>\n<p><strong>NB! Antud toodet ei ole v\u00f5imalik tarnida pakiautomaati\u00a0 toote m\u00f5\u00f5tude p\u00e4rast!\u00a0 V\u00f5imalik tarnida AINULT kulleri tarnega v\u00f5i ise kaubale j\u00e4rgi tulles!<\/strong><\/p>\n","protected":false},"excerpt":{"rendered":"<p>Puidust lipuvarras on\u00a0enamlevinud\u00a0kasutamiseks hoonete fassaadidel, siseruumides ja ka kandelipuna. Lipuvarras on \u00fches t\u00fckis, valget v\u00e4rvi ja pikkustega 2,5m. NB! Antud toodet ei ole v\u00f5imalik tarnida pakiautomaati\u00a0 toote m\u00f5\u00f5tude p\u00e4rast!\u00a0 V\u00f5imalik tarnida AINULT kulleri tarnega v\u00f5i ise kaubale j\u00e4rgi tulles!<\/p>\n","protected":false},"featured_media":1720,"template":"","meta":[],"product_cat":[54],"product_tag":[101,103,102],"class_list":{"0":"post-1216","1":"product","2":"type-product","3":"status-publish","4":"has-post-thumbnail","6":"product_cat-lipu-tarvikud","7":"product_tag-lipu-varras","8":"product_tag-lipuhoidja","9":"product_tag-varras","11":"first","12":"instock","13":"taxable","14":"shipping-taxable","15":"purchasable","16":"product-type-variable"},"aioseo_notices":[],"_links":{"self":[{"href":"https:\/\/tameolipp.ee\/index.php?rest_route=\/wp\/v2\/product\/1216","targetHints":{"allow":["GET"]}}],"collection":[{"href":"https:\/\/tameolipp.ee\/index.php?rest_route=\/wp\/v2\/product"}],"about":[{"href":"https:\/\/tameolipp.ee\/index.php?rest_route=\/wp\/v2\/types\/product"}],"wp:featuredmedia":[{"embeddable":true,"href":"https:\/\/tameolipp.ee\/index.php?rest_route=\/wp\/v2\/media\/1720"}],"wp:attachment":[{"href":"https:\/\/tameolipp.ee\/index.php?rest_route=%2Fwp%2Fv2%2Fmedia&parent=1216"}],"wp:term":[{"taxonomy":"product_cat","embeddable":true,"href":"https:\/\/tameolipp.ee\/index.php?rest_route=%2Fwp%2Fv2%2Fproduct_cat&post=1216"},{"taxonomy":"product_tag","embeddable":true,"href":"https:\/\/tameolipp.ee\/index.php?rest_route=%2Fwp%2Fv2%2Fproduct_tag&post=1216"}],"curies":[{"name":"wp","href":"https:\/\/api.w.org\/{rel}","templated":true}]}}