{"id":1236,"date":"2018-10-07T19:10:27","date_gmt":"2018-10-07T19:10:27","guid":{"rendered":"http:\/\/health.tameolipp.ee\/?post_type=product&#038;p=1236"},"modified":"2026-04-21T08:28:28","modified_gmt":"2026-04-21T08:28:28","slug":"lipu-vant","status":"publish","type":"product","link":"https:\/\/tameolipp.ee\/?product=lipu-vant","title":{"rendered":"V\u00e4nt sisemisele n\u00f6\u00f6ris\u00fcsteemile"},"content":{"rendered":"","protected":false},"excerpt":{"rendered":"","protected":false},"featured_media":1440,"template":"","meta":[],"product_cat":[190],"product_tag":[145],"class_list":{"0":"post-1236","1":"product","2":"type-product","3":"status-publish","4":"has-post-thumbnail","6":"product_cat-lipumasti-tarvikud","7":"product_tag-lipumasti-vant","9":"first","10":"instock","11":"taxable","12":"shipping-taxable","13":"purchasable","14":"product-type-simple"},"aioseo_notices":[],"_links":{"self":[{"href":"https:\/\/tameolipp.ee\/index.php?rest_route=\/wp\/v2\/product\/1236","targetHints":{"allow":["GET"]}}],"collection":[{"href":"https:\/\/tameolipp.ee\/index.php?rest_route=\/wp\/v2\/product"}],"about":[{"href":"https:\/\/tameolipp.ee\/index.php?rest_route=\/wp\/v2\/types\/product"}],"wp:featuredmedia":[{"embeddable":true,"href":"https:\/\/tameolipp.ee\/index.php?rest_route=\/wp\/v2\/media\/1440"}],"wp:attachment":[{"href":"https:\/\/tameolipp.ee\/index.php?rest_route=%2Fwp%2Fv2%2Fmedia&parent=1236"}],"wp:term":[{"taxonomy":"product_cat","embeddable":true,"href":"https:\/\/tameolipp.ee\/index.php?rest_route=%2Fwp%2Fv2%2Fproduct_cat&post=1236"},{"taxonomy":"product_tag","embeddable":true,"href":"https:\/\/tameolipp.ee\/index.php?rest_route=%2Fwp%2Fv2%2Fproduct_tag&post=1236"}],"curies":[{"name":"wp","href":"https:\/\/api.w.org\/{rel}","templated":true}]}}