{"id":1238,"date":"2018-10-07T19:16:33","date_gmt":"2018-10-07T19:16:33","guid":{"rendered":"http:\/\/health.tameolipp.ee\/?post_type=product&#038;p=1238"},"modified":"2026-04-21T08:21:56","modified_gmt":"2026-04-21T08:21:56","slug":"vasturaskus","status":"publish","type":"product","link":"https:\/\/tameolipp.ee\/?product=vasturaskus","title":{"rendered":"Vasturaskus"},"content":{"rendered":"<p>Sisemise n\u00f6\u00f6ris\u00fcsteemiga lipumastile ketigavasturaskus. Hoiab lipu ilusti pinges. Tuulise ilmaga ei kolise, raskus hoiab ilusti \u00fcmber masti.<\/p>\n","protected":false},"excerpt":{"rendered":"<p>Sisemise n\u00f6\u00f6ris\u00fcsteemiga lipumastile ketigavasturaskus. Hoiab lipu ilusti pinges. Tuulise ilmaga ei kolise, raskus hoiab ilusti \u00fcmber masti.<\/p>\n","protected":false},"featured_media":1715,"template":"","meta":[],"product_cat":[190],"product_tag":[193],"class_list":{"0":"post-1238","1":"product","2":"type-product","3":"status-publish","4":"has-post-thumbnail","6":"product_cat-lipumasti-tarvikud","7":"product_tag-lipuraskus","9":"first","10":"instock","11":"taxable","12":"shipping-taxable","13":"purchasable","14":"product-type-simple"},"aioseo_notices":[],"_links":{"self":[{"href":"https:\/\/tameolipp.ee\/index.php?rest_route=\/wp\/v2\/product\/1238","targetHints":{"allow":["GET"]}}],"collection":[{"href":"https:\/\/tameolipp.ee\/index.php?rest_route=\/wp\/v2\/product"}],"about":[{"href":"https:\/\/tameolipp.ee\/index.php?rest_route=\/wp\/v2\/types\/product"}],"wp:featuredmedia":[{"embeddable":true,"href":"https:\/\/tameolipp.ee\/index.php?rest_route=\/wp\/v2\/media\/1715"}],"wp:attachment":[{"href":"https:\/\/tameolipp.ee\/index.php?rest_route=%2Fwp%2Fv2%2Fmedia&parent=1238"}],"wp:term":[{"taxonomy":"product_cat","embeddable":true,"href":"https:\/\/tameolipp.ee\/index.php?rest_route=%2Fwp%2Fv2%2Fproduct_cat&post=1238"},{"taxonomy":"product_tag","embeddable":true,"href":"https:\/\/tameolipp.ee\/index.php?rest_route=%2Fwp%2Fv2%2Fproduct_tag&post=1238"}],"curies":[{"name":"wp","href":"https:\/\/api.w.org\/{rel}","templated":true}]}}