{"id":1285,"date":"2018-10-09T18:35:11","date_gmt":"2018-10-09T18:35:11","guid":{"rendered":"http:\/\/health.tameolipp.ee\/?post_type=product&#038;p=1285"},"modified":"2026-04-20T05:47:42","modified_gmt":"2026-04-20T05:47:42","slug":"logolipp","status":"publish","type":"product","link":"https:\/\/tameolipp.ee\/?product=logolipp","title":{"rendered":"Logolipp"},"content":{"rendered":"<p>Valmistame ettev\u00f5tete, linnade, valdade, haridusasutuste jt s\u00fcmboolikaga lippe.Reklaamlipp on ettev\u00f5tte visiitkaart! Vastavalt kasutuskohale saame pakkuda eri t\u00fc\u00fcpi lipukangaid.<\/p>\n<p>Firmalippe, logolippe ja reklaamlippe valmistame erineva m\u00f5\u00f5du, kuju ja viimistlusega:<\/p>\n<ul>\n<li>majalipud<\/li>\n<li>saalilipud<\/li>\n<li>vimpellipud (nurga all l\u00f5igatud k\u00fcljega lipp j\u00e4\u00e4b paremini vaadeldav ja ei keri ennast \u00fcmber varda)<\/li>\n<li>mastilipud<\/li>\n<li>p\u00fcstised mastilipud<\/li>\n<li>bannerid (saab kinnitada seintele, aedadele, postide vahele&#8230;)<\/li>\n<\/ul>\n<p>Vajalik on vektor graafikas logo v\u00f5i kujundus. Vaata lisa: <a href=\"https:\/\/tameolipp.ee\/?page_id=1665\">https:\/\/tameolipp.ee\/?page_id=1665<\/a><\/p>\n<p>NB! Soovituslikult tuleb lipud mastist eemaldada kui tuulekiirus on \u00fcle 20 m\/s. Nii pikendate lippude kestvust oluliselt. K\u00f5ige enam aga m\u00f5jutavad lippude kestvust tuul, p\u00e4ike ja ka kasutuskoht (kui tuuline, keskkonna saastlik\u00a0 on asukoht).<br \/>\nArvestama peab keskmiselt 2-3 lipukomplekti masti kohta aastas.\u00a0<b><br \/>\n<\/b><\/p>\n<p>&nbsp;<\/p>\n","protected":false},"excerpt":{"rendered":"<p>Valmistame ettev\u00f5tete, linnade, valdade, haridusasutuste jt s\u00fcmboolikaga lippe.Reklaamlipp on ettev\u00f5tte visiitkaart! Vastavalt kasutuskohale saame pakkuda eri t\u00fc\u00fcpi lipukangaid. Firmalippe, logolippe ja reklaamlippe valmistame erineva m\u00f5\u00f5du, kuju ja viimistlusega: majalipud saalilipud vimpellipud (nurga all l\u00f5igatud k\u00fcljega lipp j\u00e4\u00e4b paremini vaadeldav ja ei keri ennast \u00fcmber varda) mastilipud p\u00fcstised mastilipud bannerid (saab kinnitada seintele, aedadele, postide vahele&#8230;) [&hellip;]<\/p>\n","protected":false},"featured_media":1619,"template":"","meta":[],"product_cat":[106],"product_tag":[139,140],"class_list":{"0":"post-1285","1":"product","2":"type-product","3":"status-publish","4":"has-post-thumbnail","6":"product_cat-logolipud","7":"product_tag-firma-lipp","8":"product_tag-logo-lipp","10":"first","11":"instock","12":"taxable","13":"shipping-taxable","14":"product-type-simple"},"aioseo_notices":[],"_links":{"self":[{"href":"https:\/\/tameolipp.ee\/index.php?rest_route=\/wp\/v2\/product\/1285","targetHints":{"allow":["GET"]}}],"collection":[{"href":"https:\/\/tameolipp.ee\/index.php?rest_route=\/wp\/v2\/product"}],"about":[{"href":"https:\/\/tameolipp.ee\/index.php?rest_route=\/wp\/v2\/types\/product"}],"wp:featuredmedia":[{"embeddable":true,"href":"https:\/\/tameolipp.ee\/index.php?rest_route=\/wp\/v2\/media\/1619"}],"wp:attachment":[{"href":"https:\/\/tameolipp.ee\/index.php?rest_route=%2Fwp%2Fv2%2Fmedia&parent=1285"}],"wp:term":[{"taxonomy":"product_cat","embeddable":true,"href":"https:\/\/tameolipp.ee\/index.php?rest_route=%2Fwp%2Fv2%2Fproduct_cat&post=1285"},{"taxonomy":"product_tag","embeddable":true,"href":"https:\/\/tameolipp.ee\/index.php?rest_route=%2Fwp%2Fv2%2Fproduct_tag&post=1285"}],"curies":[{"name":"wp","href":"https:\/\/api.w.org\/{rel}","templated":true}]}}