{"id":1336,"date":"2018-10-09T20:38:49","date_gmt":"2018-10-09T20:38:49","guid":{"rendered":"http:\/\/health.tameolipp.ee\/?post_type=product&#038;p=1336"},"modified":"2026-04-17T00:32:27","modified_gmt":"2026-04-17T00:32:27","slug":"eesti-laualipp","status":"publish","type":"product","link":"https:\/\/tameolipp.ee\/?product=eesti-laualipp","title":{"rendered":"Eesti laualipp"},"content":{"rendered":"<p>Valmistatud \u00f5hukesest kunstsiidist &#8211; m\u00f5\u00f5dud 15 x 24 cm.\u00a0Laualipualuse saad juurde valida\u00a0<a href=\"https:\/\/tameolipp.ee\/?product=laualipu-alus\">SIIT\u00a0<\/a><\/p>\n","protected":false},"excerpt":{"rendered":"<p>Valmistatud \u00f5hukesest kunstsiidist &#8211; m\u00f5\u00f5dud 15 x 24 cm.\u00a0Laualipualuse saad juurde valida\u00a0SIIT\u00a0<\/p>\n","protected":false},"featured_media":1698,"template":"","meta":[],"product_cat":[108,111],"product_tag":[67,126],"class_list":{"0":"post-1336","1":"product","2":"type-product","3":"status-publish","4":"has-post-thumbnail","6":"product_cat-eesti-laualipp-eesti-lipud-vimplid","7":"product_cat-laualipud","8":"product_tag-eesti-lipp","9":"product_tag-laualipp","11":"first","12":"instock","13":"taxable","14":"shipping-taxable","15":"purchasable","16":"product-type-simple"},"aioseo_notices":[],"_links":{"self":[{"href":"https:\/\/tameolipp.ee\/index.php?rest_route=\/wp\/v2\/product\/1336","targetHints":{"allow":["GET"]}}],"collection":[{"href":"https:\/\/tameolipp.ee\/index.php?rest_route=\/wp\/v2\/product"}],"about":[{"href":"https:\/\/tameolipp.ee\/index.php?rest_route=\/wp\/v2\/types\/product"}],"wp:featuredmedia":[{"embeddable":true,"href":"https:\/\/tameolipp.ee\/index.php?rest_route=\/wp\/v2\/media\/1698"}],"wp:attachment":[{"href":"https:\/\/tameolipp.ee\/index.php?rest_route=%2Fwp%2Fv2%2Fmedia&parent=1336"}],"wp:term":[{"taxonomy":"product_cat","embeddable":true,"href":"https:\/\/tameolipp.ee\/index.php?rest_route=%2Fwp%2Fv2%2Fproduct_cat&post=1336"},{"taxonomy":"product_tag","embeddable":true,"href":"https:\/\/tameolipp.ee\/index.php?rest_route=%2Fwp%2Fv2%2Fproduct_tag&post=1336"}],"curies":[{"name":"wp","href":"https:\/\/api.w.org\/{rel}","templated":true}]}}