{"id":1344,"date":"2018-10-17T16:42:51","date_gmt":"2018-10-17T16:42:51","guid":{"rendered":"http:\/\/health.tameolipp.ee\/?post_type=product&#038;p=1344"},"modified":"2026-04-20T10:42:49","modified_gmt":"2026-04-20T10:42:49","slug":"sini-must-valge-pael","status":"publish","type":"product","link":"https:\/\/tameolipp.ee\/?product=sini-must-valge-pael","title":{"rendered":"Sini-must-valge pael (m)"},"content":{"rendered":"<p>Pakume erinevate laiustega sini-must-valget paela. Paela m\u00fc\u00fcme meetri kaupa.<\/p>\n<p>Tellimisel valmistame eri laiustega paelu organisatsioonidele. K\u00fcsi lisa!<\/p>\n","protected":false},"excerpt":{"rendered":"<p>Rahvusv\u00e4rvides pael eri m\u00f5\u00f5tudes.<\/p>\n","protected":false},"featured_media":1601,"template":"","meta":[],"product_cat":[94],"product_tag":[122],"class_list":{"0":"post-1344","1":"product","2":"type-product","3":"status-publish","4":"has-post-thumbnail","6":"product_cat-sini-must-valge-rahvus-sumboolika","7":"product_tag-pael","9":"first","10":"instock","11":"taxable","12":"shipping-taxable","13":"purchasable","14":"product-type-variable"},"aioseo_notices":[],"_links":{"self":[{"href":"https:\/\/tameolipp.ee\/index.php?rest_route=\/wp\/v2\/product\/1344","targetHints":{"allow":["GET"]}}],"collection":[{"href":"https:\/\/tameolipp.ee\/index.php?rest_route=\/wp\/v2\/product"}],"about":[{"href":"https:\/\/tameolipp.ee\/index.php?rest_route=\/wp\/v2\/types\/product"}],"wp:featuredmedia":[{"embeddable":true,"href":"https:\/\/tameolipp.ee\/index.php?rest_route=\/wp\/v2\/media\/1601"}],"wp:attachment":[{"href":"https:\/\/tameolipp.ee\/index.php?rest_route=%2Fwp%2Fv2%2Fmedia&parent=1344"}],"wp:term":[{"taxonomy":"product_cat","embeddable":true,"href":"https:\/\/tameolipp.ee\/index.php?rest_route=%2Fwp%2Fv2%2Fproduct_cat&post=1344"},{"taxonomy":"product_tag","embeddable":true,"href":"https:\/\/tameolipp.ee\/index.php?rest_route=%2Fwp%2Fv2%2Fproduct_tag&post=1344"}],"curies":[{"name":"wp","href":"https:\/\/api.w.org\/{rel}","templated":true}]}}