{"id":1369,"date":"2018-10-17T17:28:35","date_gmt":"2018-10-17T17:28:35","guid":{"rendered":"http:\/\/health.tameolipp.ee\/?post_type=product&#038;p=1369"},"modified":"2026-04-17T00:30:44","modified_gmt":"2026-04-17T00:30:44","slug":"lipuvarda-hoidik","status":"publish","type":"product","link":"https:\/\/tameolipp.ee\/?product=lipuvarda-hoidik","title":{"rendered":"Lipuvarda hoidja"},"content":{"rendered":"<p>Pakume lipuvarda hoidjaid seinale &#8211; \u00fche-,\u00a0kahe- v\u00f5i kolmekohalisi.<br \/>\nVardahoidjad on valmistatud metallist, t\u00f6\u00f6deldud krunttsingiga ja v\u00e4rvitud pulberv\u00e4rviga .<\/p>\n<p>Valida saab mitme erineva v\u00e4rvitooni vahel. Lisaks on v\u00f5imalik\u00a0 tellida RAL v\u00e4rvikataloogi j\u00e4rgi.<\/p>\n<p>Lipuvarda hoidja k\u00f5rgus on 400 mm ja \u00fcmara osa sisemine diameeter 46 mm.<\/p>\n","protected":false},"excerpt":{"rendered":"<p>Pakume lipuvarda hoidjaid seinale &#8211; \u00fche-,\u00a0kahe- v\u00f5i kolmekohalisi. Vardahoidjad on valmistatud metallist, t\u00f6\u00f6deldud krunttsingiga ja v\u00e4rvitud pulberv\u00e4rviga . Valida saab mitme erineva v\u00e4rvitooni vahel. Lisaks on v\u00f5imalik\u00a0 tellida RAL v\u00e4rvikataloogi j\u00e4rgi. Lipuvarda hoidja k\u00f5rgus on 400 mm ja \u00fcmara osa sisemine diameeter 46 mm.<\/p>\n","protected":false},"featured_media":1722,"template":"","meta":[],"product_cat":[54],"product_tag":[125],"class_list":{"0":"post-1369","1":"product","2":"type-product","3":"status-publish","4":"has-post-thumbnail","6":"product_cat-lipu-tarvikud","7":"product_tag-varda-hoidik","9":"first","10":"instock","11":"taxable","12":"shipping-taxable","13":"purchasable","14":"product-type-variable"},"aioseo_notices":[],"_links":{"self":[{"href":"https:\/\/tameolipp.ee\/index.php?rest_route=\/wp\/v2\/product\/1369","targetHints":{"allow":["GET"]}}],"collection":[{"href":"https:\/\/tameolipp.ee\/index.php?rest_route=\/wp\/v2\/product"}],"about":[{"href":"https:\/\/tameolipp.ee\/index.php?rest_route=\/wp\/v2\/types\/product"}],"wp:featuredmedia":[{"embeddable":true,"href":"https:\/\/tameolipp.ee\/index.php?rest_route=\/wp\/v2\/media\/1722"}],"wp:attachment":[{"href":"https:\/\/tameolipp.ee\/index.php?rest_route=%2Fwp%2Fv2%2Fmedia&parent=1369"}],"wp:term":[{"taxonomy":"product_cat","embeddable":true,"href":"https:\/\/tameolipp.ee\/index.php?rest_route=%2Fwp%2Fv2%2Fproduct_cat&post=1369"},{"taxonomy":"product_tag","embeddable":true,"href":"https:\/\/tameolipp.ee\/index.php?rest_route=%2Fwp%2Fv2%2Fproduct_tag&post=1369"}],"curies":[{"name":"wp","href":"https:\/\/api.w.org\/{rel}","templated":true}]}}