{"id":1382,"date":"2018-10-17T17:46:19","date_gmt":"2018-10-17T17:46:19","guid":{"rendered":"http:\/\/health.tameolipp.ee\/?post_type=product&#038;p=1382"},"modified":"2026-04-20T12:03:29","modified_gmt":"2026-04-20T12:03:29","slug":"majalipu-fiksaator","status":"publish","type":"product","link":"https:\/\/tameolipp.ee\/?product=majalipu-fiksaator","title":{"rendered":"Majalipu fiksaator (valge)"},"content":{"rendered":"<p>Majalipu fiksaatorit kasutatakse puidust lipuvarrastega. Fiksaator fikseerib lipu ja see p\u00fcsib s\u00f5ltumata ilmast pingul. Samuti ei keerdu lipp tuulise ilmaga \u00fcmber lipuvarda. Fiksaatorit v\u00f5ib kasutada varda \u00fclemises osas v\u00f5i lipu alumise osa fikseerimiseks.<\/p>\n<p>V\u00f5imalik tellida erinevaid toone.<\/p>\n<p>M\u00f5\u00f5dud: varda pikkus 102 cm, varda poolne kinnituse diameeter 4 cm<\/p>\n<p><strong>NB! Antud toodet ei ole v\u00f5imalik tarnida pakiautomaati\u00a0 toote m\u00f5\u00f5tude p\u00e4rast!\u00a0 V\u00f5imalik tarnida AINULT kulleri tarnega v\u00f5i ise kaubale j\u00e4rgi tulles!<\/strong><\/p>\n","protected":false},"excerpt":{"rendered":"<p>Majalipu fiksaatorit kasutatakse puidust lipuvarrastega. Fiksaator fikseerib lipu ja see p\u00fcsib s\u00f5ltumata ilmast pingul. Samuti ei keerdu lipp tuulise ilmaga \u00fcmber lipuvarda. Fiksaatorit v\u00f5ib kasutada varda \u00fclemises osas v\u00f5i lipu alumise osa fikseerimiseks. V\u00f5imalik tellida erinevaid toone. M\u00f5\u00f5dud: varda pikkus 102 cm, varda poolne kinnituse diameeter 4 cm NB! Antud toodet ei ole v\u00f5imalik tarnida [&hellip;]<\/p>\n","protected":false},"featured_media":1728,"template":"","meta":[],"product_cat":[54],"product_tag":[109],"class_list":{"0":"post-1382","1":"product","2":"type-product","3":"status-publish","4":"has-post-thumbnail","6":"product_cat-lipu-tarvikud","7":"product_tag-majalipu-fiksaator","9":"first","10":"instock","11":"taxable","12":"shipping-taxable","13":"purchasable","14":"product-type-simple"},"aioseo_notices":[],"_links":{"self":[{"href":"https:\/\/tameolipp.ee\/index.php?rest_route=\/wp\/v2\/product\/1382","targetHints":{"allow":["GET"]}}],"collection":[{"href":"https:\/\/tameolipp.ee\/index.php?rest_route=\/wp\/v2\/product"}],"about":[{"href":"https:\/\/tameolipp.ee\/index.php?rest_route=\/wp\/v2\/types\/product"}],"wp:featuredmedia":[{"embeddable":true,"href":"https:\/\/tameolipp.ee\/index.php?rest_route=\/wp\/v2\/media\/1728"}],"wp:attachment":[{"href":"https:\/\/tameolipp.ee\/index.php?rest_route=%2Fwp%2Fv2%2Fmedia&parent=1382"}],"wp:term":[{"taxonomy":"product_cat","embeddable":true,"href":"https:\/\/tameolipp.ee\/index.php?rest_route=%2Fwp%2Fv2%2Fproduct_cat&post=1382"},{"taxonomy":"product_tag","embeddable":true,"href":"https:\/\/tameolipp.ee\/index.php?rest_route=%2Fwp%2Fv2%2Fproduct_tag&post=1382"}],"curies":[{"name":"wp","href":"https:\/\/api.w.org\/{rel}","templated":true}]}}