{"id":1384,"date":"2018-10-17T17:56:09","date_gmt":"2018-10-17T17:56:09","guid":{"rendered":"http:\/\/health.tameolipp.ee\/?post_type=product&#038;p=1384"},"modified":"2026-04-17T00:30:44","modified_gmt":"2026-04-17T00:30:44","slug":"lipunael","status":"publish","type":"product","link":"https:\/\/tameolipp.ee\/?product=lipunael","title":{"rendered":"Lipunael"},"content":{"rendered":"<p>Lipunaelad on m\u00f5eldud lipu kinnitamiseks puidust varda k\u00fclge. Soovituslikult v\u00f5iks lipu kinnitada 4 naelaga. Valikus on h\u00f5bedast, kuldset ja musta tooni lipunaelad.<\/p>\n","protected":false},"excerpt":{"rendered":"<p>Lipunaelad on m\u00f5eldud lipu kinnitamiseks puidust varda k\u00fclge. Soovituslikult v\u00f5iks lipu kinnitada 4 naelaga. Valikus on h\u00f5bedast, kuldset ja musta tooni lipunaelad.<\/p>\n","protected":false},"featured_media":1721,"template":"","meta":[],"product_cat":[54],"product_tag":[],"class_list":{"0":"post-1384","1":"product","2":"type-product","3":"status-publish","4":"has-post-thumbnail","6":"product_cat-lipu-tarvikud","8":"first","9":"instock","10":"taxable","11":"shipping-taxable","12":"purchasable","13":"product-type-variable"},"aioseo_notices":[],"_links":{"self":[{"href":"https:\/\/tameolipp.ee\/index.php?rest_route=\/wp\/v2\/product\/1384","targetHints":{"allow":["GET"]}}],"collection":[{"href":"https:\/\/tameolipp.ee\/index.php?rest_route=\/wp\/v2\/product"}],"about":[{"href":"https:\/\/tameolipp.ee\/index.php?rest_route=\/wp\/v2\/types\/product"}],"wp:featuredmedia":[{"embeddable":true,"href":"https:\/\/tameolipp.ee\/index.php?rest_route=\/wp\/v2\/media\/1721"}],"wp:attachment":[{"href":"https:\/\/tameolipp.ee\/index.php?rest_route=%2Fwp%2Fv2%2Fmedia&parent=1384"}],"wp:term":[{"taxonomy":"product_cat","embeddable":true,"href":"https:\/\/tameolipp.ee\/index.php?rest_route=%2Fwp%2Fv2%2Fproduct_cat&post=1384"},{"taxonomy":"product_tag","embeddable":true,"href":"https:\/\/tameolipp.ee\/index.php?rest_route=%2Fwp%2Fv2%2Fproduct_tag&post=1384"}],"curies":[{"name":"wp","href":"https:\/\/api.w.org\/{rel}","templated":true}]}}