{"id":1394,"date":"2018-10-17T18:47:04","date_gmt":"2018-10-17T18:47:04","guid":{"rendered":"http:\/\/health.tameolipp.ee\/?post_type=product&#038;p=1394"},"modified":"2026-04-20T06:36:13","modified_gmt":"2026-04-20T06:36:13","slug":"lipu-alus","status":"publish","type":"product","link":"https:\/\/tameolipp.ee\/?product=lipu-alus","title":{"rendered":"Saalilipu alus"},"content":{"rendered":"<p>Lipualus\u00a0 on metallist ja m\u00f5eldud\u00a0kasutamiseks sisetingimustes. Meie poolt pakutavatele alustele saab kinnitada 1-3 lippu.<\/p>\n<p>Lipualused on \u00fcmmarguse kujuga, l\u00e4bim\u00f5\u00f5duga 50 cm, kaal ca 15 kg.<\/p>\n<p>Pakume\u00a0 erinevaid v\u00e4rvitoone (valge, kuldne, antiik pruun). Lipud asetsevad alusel \u00fches servas kerge kalde all.<\/p>\n<p><strong>NB! Antud toodet ei ole v\u00f5imalik tarnida pakiautomaati\u00a0 toote m\u00f5\u00f5tude p\u00e4rast!\u00a0 V\u00f5imalik tarnida AINULT kulleri tarnega v\u00f5i ise kaubale j\u00e4rgi tulles!<\/strong><\/p>\n","protected":false},"excerpt":{"rendered":"<p>Lipualus\u00a0 on metallist ja m\u00f5eldud\u00a0kasutamiseks sisetingimustes. Meie poolt pakutavatele alustele saab kinnitada 1-3 lippu. Lipualused on \u00fcmmarguse kujuga, l\u00e4bim\u00f5\u00f5duga 50 cm, kaal ca 15 kg. Pakume\u00a0 erinevaid v\u00e4rvitoone (valge, kuldne, antiik pruun). Lipud asetsevad alusel \u00fches servas kerge kalde all. NB! Antud toodet ei ole v\u00f5imalik tarnida pakiautomaati\u00a0 toote m\u00f5\u00f5tude p\u00e4rast!\u00a0 V\u00f5imalik tarnida AINULT kulleri [&hellip;]<\/p>\n","protected":false},"featured_media":1606,"template":"","meta":[],"product_cat":[54],"product_tag":[112,113],"class_list":{"0":"post-1394","1":"product","2":"type-product","3":"status-publish","4":"has-post-thumbnail","6":"product_cat-lipu-tarvikud","7":"product_tag-saalilipu-alus","8":"product_tag-siselipu-alus","10":"first","11":"instock","12":"taxable","13":"shipping-taxable","14":"product-type-simple"},"aioseo_notices":[],"_links":{"self":[{"href":"https:\/\/tameolipp.ee\/index.php?rest_route=\/wp\/v2\/product\/1394","targetHints":{"allow":["GET"]}}],"collection":[{"href":"https:\/\/tameolipp.ee\/index.php?rest_route=\/wp\/v2\/product"}],"about":[{"href":"https:\/\/tameolipp.ee\/index.php?rest_route=\/wp\/v2\/types\/product"}],"wp:featuredmedia":[{"embeddable":true,"href":"https:\/\/tameolipp.ee\/index.php?rest_route=\/wp\/v2\/media\/1606"}],"wp:attachment":[{"href":"https:\/\/tameolipp.ee\/index.php?rest_route=%2Fwp%2Fv2%2Fmedia&parent=1394"}],"wp:term":[{"taxonomy":"product_cat","embeddable":true,"href":"https:\/\/tameolipp.ee\/index.php?rest_route=%2Fwp%2Fv2%2Fproduct_cat&post=1394"},{"taxonomy":"product_tag","embeddable":true,"href":"https:\/\/tameolipp.ee\/index.php?rest_route=%2Fwp%2Fv2%2Fproduct_tag&post=1394"}],"curies":[{"name":"wp","href":"https:\/\/api.w.org\/{rel}","templated":true}]}}