{"id":1399,"date":"2018-10-17T19:17:31","date_gmt":"2018-10-17T19:17:31","guid":{"rendered":"http:\/\/health.tameolipp.ee\/?post_type=product&#038;p=1399"},"modified":"2026-04-20T10:46:16","modified_gmt":"2026-04-20T10:46:16","slug":"lipu-kandevoo","status":"publish","type":"product","link":"https:\/\/tameolipp.ee\/?product=lipu-kandevoo","title":{"rendered":"Lipu kandev\u00f6\u00f6, (nahast)"},"content":{"rendered":"<p>Lipu kandev\u00f6\u00f6\u00a0on abiks lipu kandmisel ja hoidmisel. Kasutatakse rongk\u00e4ikudel v\u00f5i tseremooniatel .<\/p>\n<p>Saadaval valged, mustad ja pruunid nahast kandev\u00f6\u00f6d.<\/p>\n<p>Saada p\u00e4ring saadavuse kohta!<\/p>\n","protected":false},"excerpt":{"rendered":"<p>Lipu kandev\u00f6\u00f6\u00a0on abiks lipu kandmisel ja hoidmisel. Kasutatakse rongk\u00e4ikudel v\u00f5i tseremooniatel . Saadaval valged, mustad ja pruunid nahast kandev\u00f6\u00f6d. Saada p\u00e4ring saadavuse kohta!<\/p>\n","protected":false},"featured_media":1557,"template":"","meta":[],"product_cat":[54],"product_tag":[],"class_list":{"0":"post-1399","1":"product","2":"type-product","3":"status-publish","4":"has-post-thumbnail","6":"product_cat-lipu-tarvikud","8":"first","9":"instock","10":"taxable","11":"shipping-taxable","12":"purchasable","13":"product-type-simple"},"aioseo_notices":[],"_links":{"self":[{"href":"https:\/\/tameolipp.ee\/index.php?rest_route=\/wp\/v2\/product\/1399","targetHints":{"allow":["GET"]}}],"collection":[{"href":"https:\/\/tameolipp.ee\/index.php?rest_route=\/wp\/v2\/product"}],"about":[{"href":"https:\/\/tameolipp.ee\/index.php?rest_route=\/wp\/v2\/types\/product"}],"wp:featuredmedia":[{"embeddable":true,"href":"https:\/\/tameolipp.ee\/index.php?rest_route=\/wp\/v2\/media\/1557"}],"wp:attachment":[{"href":"https:\/\/tameolipp.ee\/index.php?rest_route=%2Fwp%2Fv2%2Fmedia&parent=1399"}],"wp:term":[{"taxonomy":"product_cat","embeddable":true,"href":"https:\/\/tameolipp.ee\/index.php?rest_route=%2Fwp%2Fv2%2Fproduct_cat&post=1399"},{"taxonomy":"product_tag","embeddable":true,"href":"https:\/\/tameolipp.ee\/index.php?rest_route=%2Fwp%2Fv2%2Fproduct_tag&post=1399"}],"curies":[{"name":"wp","href":"https:\/\/api.w.org\/{rel}","templated":true}]}}