{"id":1402,"date":"2018-10-17T19:35:33","date_gmt":"2018-10-17T19:35:33","guid":{"rendered":"http:\/\/health.tameolipp.ee\/?post_type=product&#038;p=1402"},"modified":"2026-04-17T00:30:52","modified_gmt":"2026-04-17T00:30:52","slug":"eesti-autolipp","status":"publish","type":"product","link":"https:\/\/tameolipp.ee\/?product=eesti-autolipp","title":{"rendered":"Eesti autolipp"},"content":{"rendered":"<p>Autolipp on valmistatud ilmastikukindlast pol\u00fcester lipukangast. Samuti on v\u00f5imalik saada vastupidavamast , Airmesh kangast (aukudega kangas) autolippu. Lipu m\u00f5\u00f5dud on 24 x 38 cm.<\/p>\n","protected":false},"excerpt":{"rendered":"<p>Autolipp ilma vardata.<\/p>\n","protected":false},"featured_media":2331,"template":"","meta":[],"product_cat":[64],"product_tag":[114,67],"class_list":{"0":"post-1402","1":"product","2":"type-product","3":"status-publish","4":"has-post-thumbnail","6":"product_cat-eesti-autolipp","7":"product_tag-autolipp","8":"product_tag-eesti-lipp","10":"first","11":"instock","12":"taxable","13":"shipping-taxable","14":"purchasable","15":"product-type-variable"},"aioseo_notices":[],"_links":{"self":[{"href":"https:\/\/tameolipp.ee\/index.php?rest_route=\/wp\/v2\/product\/1402","targetHints":{"allow":["GET"]}}],"collection":[{"href":"https:\/\/tameolipp.ee\/index.php?rest_route=\/wp\/v2\/product"}],"about":[{"href":"https:\/\/tameolipp.ee\/index.php?rest_route=\/wp\/v2\/types\/product"}],"wp:featuredmedia":[{"embeddable":true,"href":"https:\/\/tameolipp.ee\/index.php?rest_route=\/wp\/v2\/media\/2331"}],"wp:attachment":[{"href":"https:\/\/tameolipp.ee\/index.php?rest_route=%2Fwp%2Fv2%2Fmedia&parent=1402"}],"wp:term":[{"taxonomy":"product_cat","embeddable":true,"href":"https:\/\/tameolipp.ee\/index.php?rest_route=%2Fwp%2Fv2%2Fproduct_cat&post=1402"},{"taxonomy":"product_tag","embeddable":true,"href":"https:\/\/tameolipp.ee\/index.php?rest_route=%2Fwp%2Fv2%2Fproduct_tag&post=1402"}],"curies":[{"name":"wp","href":"https:\/\/api.w.org\/{rel}","templated":true}]}}