{"id":1411,"date":"2018-10-17T19:57:47","date_gmt":"2018-10-17T19:57:47","guid":{"rendered":"http:\/\/health.tameolipp.ee\/?post_type=product&#038;p=1411"},"modified":"2026-05-14T03:21:24","modified_gmt":"2026-05-14T03:21:24","slug":"tikulipp","status":"publish","type":"product","link":"https:\/\/tameolipp.ee\/?product=tikulipp","title":{"rendered":"V\u00f5ileivalipp ( pakend 10 tk)"},"content":{"rendered":"<p>Eesti v\u00f5ileivalipud\u00a0on paberist lipukesed puutikul. Valmistame v\u00f5ileiva-\/tikulippe organisatsioonide s\u00fcmboolikaga v\u00f5i s\u00fcndmuste teemaga. K\u00fcsi lisa!<\/p>\n<p>&nbsp;<\/p>\n","protected":false},"excerpt":{"rendered":"<p>Eesti v\u00f5ileivalipud\u00a0on paberist lipukesed puutikul. Valmistame v\u00f5ileiva-\/tikulippe organisatsioonide s\u00fcmboolikaga v\u00f5i s\u00fcndmuste teemaga. K\u00fcsi lisa! &nbsp;<\/p>\n","protected":false},"featured_media":1740,"template":"","meta":[],"product_cat":[65,143,94],"product_tag":[],"class_list":{"0":"post-1411","1":"product","2":"type-product","3":"status-publish","4":"has-post-thumbnail","6":"product_cat-eesti-voileivalipud","7":"product_cat-kasilipp","8":"product_cat-sini-must-valge-rahvus-sumboolika","10":"first","11":"instock","12":"taxable","13":"shipping-taxable","14":"purchasable","15":"product-type-simple"},"aioseo_notices":[],"_links":{"self":[{"href":"https:\/\/tameolipp.ee\/index.php?rest_route=\/wp\/v2\/product\/1411","targetHints":{"allow":["GET"]}}],"collection":[{"href":"https:\/\/tameolipp.ee\/index.php?rest_route=\/wp\/v2\/product"}],"about":[{"href":"https:\/\/tameolipp.ee\/index.php?rest_route=\/wp\/v2\/types\/product"}],"wp:featuredmedia":[{"embeddable":true,"href":"https:\/\/tameolipp.ee\/index.php?rest_route=\/wp\/v2\/media\/1740"}],"wp:attachment":[{"href":"https:\/\/tameolipp.ee\/index.php?rest_route=%2Fwp%2Fv2%2Fmedia&parent=1411"}],"wp:term":[{"taxonomy":"product_cat","embeddable":true,"href":"https:\/\/tameolipp.ee\/index.php?rest_route=%2Fwp%2Fv2%2Fproduct_cat&post=1411"},{"taxonomy":"product_tag","embeddable":true,"href":"https:\/\/tameolipp.ee\/index.php?rest_route=%2Fwp%2Fv2%2Fproduct_tag&post=1411"}],"curies":[{"name":"wp","href":"https:\/\/api.w.org\/{rel}","templated":true}]}}