{"id":1414,"date":"2018-10-17T20:18:40","date_gmt":"2018-10-17T20:18:40","guid":{"rendered":"http:\/\/health.tameolipp.ee\/?post_type=product&#038;p=1414"},"modified":"2026-04-08T00:16:47","modified_gmt":"2026-04-08T00:16:47","slug":"sarped","status":"publish","type":"product","link":"https:\/\/tameolipp.ee\/?product=sarped","title":{"rendered":"S\u00e4rped"},"content":{"rendered":"","protected":false},"excerpt":{"rendered":"<p>Korporatsioonide S\u00c4RPED. Saada p\u00e4ring!<\/p>\n","protected":false},"featured_media":1567,"template":"","meta":[],"product_cat":[116],"product_tag":[],"class_list":{"0":"post-1414","1":"product","2":"type-product","3":"status-publish","4":"has-post-thumbnail","6":"product_cat-tekstiilist-tooted","8":"first","9":"instock","10":"virtual","11":"taxable","12":"product-type-simple"},"aioseo_notices":[],"_links":{"self":[{"href":"https:\/\/tameolipp.ee\/index.php?rest_route=\/wp\/v2\/product\/1414","targetHints":{"allow":["GET"]}}],"collection":[{"href":"https:\/\/tameolipp.ee\/index.php?rest_route=\/wp\/v2\/product"}],"about":[{"href":"https:\/\/tameolipp.ee\/index.php?rest_route=\/wp\/v2\/types\/product"}],"wp:featuredmedia":[{"embeddable":true,"href":"https:\/\/tameolipp.ee\/index.php?rest_route=\/wp\/v2\/media\/1567"}],"wp:attachment":[{"href":"https:\/\/tameolipp.ee\/index.php?rest_route=%2Fwp%2Fv2%2Fmedia&parent=1414"}],"wp:term":[{"taxonomy":"product_cat","embeddable":true,"href":"https:\/\/tameolipp.ee\/index.php?rest_route=%2Fwp%2Fv2%2Fproduct_cat&post=1414"},{"taxonomy":"product_tag","embeddable":true,"href":"https:\/\/tameolipp.ee\/index.php?rest_route=%2Fwp%2Fv2%2Fproduct_tag&post=1414"}],"curies":[{"name":"wp","href":"https:\/\/api.w.org\/{rel}","templated":true}]}}