{"id":1415,"date":"2018-10-17T20:23:20","date_gmt":"2018-10-17T20:23:20","guid":{"rendered":"http:\/\/health.tameolipp.ee\/?post_type=product&#038;p=1415"},"modified":"2026-04-20T08:14:17","modified_gmt":"2026-04-20T08:14:17","slug":"riikide-kasilipud","status":"publish","type":"product","link":"https:\/\/tameolipp.ee\/?product=riikide-kasilipud","title":{"rendered":"V\u00e4lisriikide k\u00e4silipud"},"content":{"rendered":"<p>Saadaval suur valik v\u00e4lisriikide k\u00e4silippe m\u00f5\u00f5tudes:<\/p>\n<p>10 x 15 cm,<\/p>\n<p>15 x 23,5 cm ,<\/p>\n<p>24 x 38 cm<\/p>\n<p>Saada p\u00e4ring saadavuse kohta!<\/p>\n","protected":false},"excerpt":{"rendered":"<p>Saadaval suur valik v\u00e4lisriikide k\u00e4silippe m\u00f5\u00f5tudes: 10 x 15 cm, 15 x 23,5 cm , 24 x 38 cm Saada p\u00e4ring saadavuse kohta!<\/p>\n","protected":false},"featured_media":1731,"template":"","meta":[],"product_cat":[143,104],"product_tag":[144,117],"class_list":{"0":"post-1415","1":"product","2":"type-product","3":"status-publish","4":"has-post-thumbnail","6":"product_cat-kasilipp","7":"product_cat-valisriikide-lipud-riikide-lipud","8":"product_tag-kasilipud","9":"product_tag-valisriikide-lipud","11":"first","12":"instock","13":"virtual","14":"taxable","15":"product-type-simple"},"aioseo_notices":[],"_links":{"self":[{"href":"https:\/\/tameolipp.ee\/index.php?rest_route=\/wp\/v2\/product\/1415","targetHints":{"allow":["GET"]}}],"collection":[{"href":"https:\/\/tameolipp.ee\/index.php?rest_route=\/wp\/v2\/product"}],"about":[{"href":"https:\/\/tameolipp.ee\/index.php?rest_route=\/wp\/v2\/types\/product"}],"wp:featuredmedia":[{"embeddable":true,"href":"https:\/\/tameolipp.ee\/index.php?rest_route=\/wp\/v2\/media\/1731"}],"wp:attachment":[{"href":"https:\/\/tameolipp.ee\/index.php?rest_route=%2Fwp%2Fv2%2Fmedia&parent=1415"}],"wp:term":[{"taxonomy":"product_cat","embeddable":true,"href":"https:\/\/tameolipp.ee\/index.php?rest_route=%2Fwp%2Fv2%2Fproduct_cat&post=1415"},{"taxonomy":"product_tag","embeddable":true,"href":"https:\/\/tameolipp.ee\/index.php?rest_route=%2Fwp%2Fv2%2Fproduct_tag&post=1415"}],"curies":[{"name":"wp","href":"https:\/\/api.w.org\/{rel}","templated":true}]}}