{"id":1547,"date":"2019-01-03T13:28:16","date_gmt":"2019-01-03T13:28:16","guid":{"rendered":"http:\/\/health.tameolipp.ee\/?post_type=product&#038;p=1547"},"modified":"2026-04-20T09:27:26","modified_gmt":"2026-04-20T09:27:26","slug":"lipuvarras-2","status":"publish","type":"product","link":"https:\/\/tameolipp.ee\/?product=lipuvarras-2","title":{"rendered":"Lipuvarras 2-osaline"},"content":{"rendered":"<p>2 osaline lipu varras on sobiv piduliku saalilipuna, majalipuna v\u00f5i rongk\u00e4igus kandmiseks. Kuna lipu varras on lahti v\u00f5etav, on seda mugav transportida v\u00f5i ruumis hoiustada.<\/p>\n<p>Pikkus 3 m. Kvalittene kuiv oksavaba puit, peitsitud, v\u00e4rvitud v\u00f5i lakitud. Vahe \u00fchendustoru v\u00e4rvus- h\u00f5bedane v\u00f5i kuldne.<\/p>\n<p><strong>NB! Antud toodet ei ole v\u00f5imalik tarnida pakiautomaati\u00a0 toote m\u00f5\u00f5tude p\u00e4rast!\u00a0 V\u00f5imalik tarnida AINULT kulleri tarnega v\u00f5i ise kaubale j\u00e4rgi tulles!<\/strong><\/p>\n","protected":false},"excerpt":{"rendered":"<p>2 osaline lipu varras on sobiv piduliku saalilipuna, majalipuna v\u00f5i rongk\u00e4igus kandmiseks. Kuna lipu varras on lahti v\u00f5etav, on seda mugav transportida v\u00f5i ruumis hoiustada. Pikkus 3 m. Kvalittene kuiv oksavaba puit, peitsitud, v\u00e4rvitud v\u00f5i lakitud. Vahe \u00fchendustoru v\u00e4rvus- h\u00f5bedane v\u00f5i kuldne. NB! Antud toodet ei ole v\u00f5imalik tarnida pakiautomaati\u00a0 toote m\u00f5\u00f5tude p\u00e4rast!\u00a0 V\u00f5imalik tarnida [&hellip;]<\/p>\n","protected":false},"featured_media":1549,"template":"","meta":[],"product_cat":[54],"product_tag":[124],"class_list":{"0":"post-1547","1":"product","2":"type-product","3":"status-publish","4":"has-post-thumbnail","6":"product_cat-lipu-tarvikud","7":"product_tag-lipuvarras","9":"first","10":"instock","11":"taxable","12":"shipping-taxable","13":"purchasable","14":"product-type-variable"},"aioseo_notices":[],"_links":{"self":[{"href":"https:\/\/tameolipp.ee\/index.php?rest_route=\/wp\/v2\/product\/1547","targetHints":{"allow":["GET"]}}],"collection":[{"href":"https:\/\/tameolipp.ee\/index.php?rest_route=\/wp\/v2\/product"}],"about":[{"href":"https:\/\/tameolipp.ee\/index.php?rest_route=\/wp\/v2\/types\/product"}],"wp:featuredmedia":[{"embeddable":true,"href":"https:\/\/tameolipp.ee\/index.php?rest_route=\/wp\/v2\/media\/1549"}],"wp:attachment":[{"href":"https:\/\/tameolipp.ee\/index.php?rest_route=%2Fwp%2Fv2%2Fmedia&parent=1547"}],"wp:term":[{"taxonomy":"product_cat","embeddable":true,"href":"https:\/\/tameolipp.ee\/index.php?rest_route=%2Fwp%2Fv2%2Fproduct_cat&post=1547"},{"taxonomy":"product_tag","embeddable":true,"href":"https:\/\/tameolipp.ee\/index.php?rest_route=%2Fwp%2Fv2%2Fproduct_tag&post=1547"}],"curies":[{"name":"wp","href":"https:\/\/api.w.org\/{rel}","templated":true}]}}