{"id":1706,"date":"2019-02-11T16:22:25","date_gmt":"2019-02-11T16:22:25","guid":{"rendered":"http:\/\/health.tameolipp.ee\/?post_type=product&#038;p=1706"},"modified":"2026-04-20T05:47:42","modified_gmt":"2026-04-20T05:47:42","slug":"kasilipp","status":"publish","type":"product","link":"https:\/\/tameolipp.ee\/?product=kasilipp","title":{"rendered":"Erikujundusega k\u00e4silipud"},"content":{"rendered":"<p>Erikujundusega k\u00e4silipud &#8211;\u00a0 \u00a0ettev\u00f5tete, organisatsioonide, klubide, seltside v\u00f5i\u00a0s\u00fcndmuste tarbeks. Lippe valmistame nii tekstiilist kui tehispaberist. Tehispaber on niiskuskindel\u00a0 ja vastupidav .\u00a0 Lipud on kinnitame puidust pulgale.\u00a0 K\u00e4silipud v\u00f5ivad olla erineva m\u00f5\u00f5du ja viimistlusega.<\/p>\n<p>Samuti on v\u00f5imalik meile k\u00e4est soetada suuremaid kaasas kantavaid lippe n\u00f6 f\u00e4nnilippe. Nendele pakume juurde kokkupandavat f\u00e4nnilipuvarrast.<\/p>\n","protected":false},"excerpt":{"rendered":"<p>Erikujundusega k\u00e4silipud &#8211;\u00a0 \u00a0ettev\u00f5tete, organisatsioonide, klubide, seltside v\u00f5i\u00a0s\u00fcndmuste tarbeks. Lippe valmistame nii tekstiilist kui tehispaberist. Tehispaber on niiskuskindel\u00a0 ja vastupidav .\u00a0 Lipud on kinnitame puidust pulgale.\u00a0 K\u00e4silipud v\u00f5ivad olla erineva m\u00f5\u00f5du ja viimistlusega. Samuti on v\u00f5imalik meile k\u00e4est soetada suuremaid kaasas kantavaid lippe n\u00f6 f\u00e4nnilippe. Nendele pakume juurde kokkupandavat f\u00e4nnilipuvarrast.<\/p>\n","protected":false},"featured_media":1707,"template":"","meta":[],"product_cat":[106,143],"product_tag":[],"class_list":{"0":"post-1706","1":"product","2":"type-product","3":"status-publish","4":"has-post-thumbnail","6":"product_cat-logolipud","7":"product_cat-kasilipp","9":"first","10":"instock","11":"taxable","12":"shipping-taxable","13":"product-type-simple"},"aioseo_notices":[],"_links":{"self":[{"href":"https:\/\/tameolipp.ee\/index.php?rest_route=\/wp\/v2\/product\/1706","targetHints":{"allow":["GET"]}}],"collection":[{"href":"https:\/\/tameolipp.ee\/index.php?rest_route=\/wp\/v2\/product"}],"about":[{"href":"https:\/\/tameolipp.ee\/index.php?rest_route=\/wp\/v2\/types\/product"}],"wp:featuredmedia":[{"embeddable":true,"href":"https:\/\/tameolipp.ee\/index.php?rest_route=\/wp\/v2\/media\/1707"}],"wp:attachment":[{"href":"https:\/\/tameolipp.ee\/index.php?rest_route=%2Fwp%2Fv2%2Fmedia&parent=1706"}],"wp:term":[{"taxonomy":"product_cat","embeddable":true,"href":"https:\/\/tameolipp.ee\/index.php?rest_route=%2Fwp%2Fv2%2Fproduct_cat&post=1706"},{"taxonomy":"product_tag","embeddable":true,"href":"https:\/\/tameolipp.ee\/index.php?rest_route=%2Fwp%2Fv2%2Fproduct_tag&post=1706"}],"curies":[{"name":"wp","href":"https:\/\/api.w.org\/{rel}","templated":true}]}}