{"id":1832,"date":"2019-03-21T09:56:51","date_gmt":"2019-03-21T09:56:51","guid":{"rendered":"https:\/\/tameolipp.ee\/?post_type=product&#038;p=1832"},"modified":"2026-04-20T07:03:54","modified_gmt":"2026-04-20T07:03:54","slug":"leinalint-lipule","status":"publish","type":"product","link":"https:\/\/tameolipp.ee\/?product=leinalint-lipule","title":{"rendered":"Leinalint lipule"},"content":{"rendered":"<p>Leinalint on \u00f5hemast lipukangast valmistatud ilmastiku- ja v\u00e4rvikindel lint.<br \/>\nM\u00f5\u00f5t: 7 x 350 cm<br \/>\nKui majalipp heisatakse leinalipuna, siis leinalint seotakse lipuvarda k\u00fclge, vahetult lipu kohale.<br \/>\nMastilipul leinalinti ei kasutata. Mastilippu leinalipuna kasutamisel tuleb lipp heisata poolde masti.<\/p>\n","protected":false},"excerpt":{"rendered":"<p>Leinalint on \u00f5hemast lipukangast valmistatud ilmastiku- ja v\u00e4rvikindel lint. M\u00f5\u00f5t: 7 x 350 cm Kui majalipp heisatakse leinalipuna, siis leinalint seotakse lipuvarda k\u00fclge, vahetult lipu kohale. Mastilipul leinalinti ei kasutata. Mastilippu leinalipuna kasutamisel tuleb lipp heisata poolde masti.<\/p>\n","protected":false},"featured_media":1833,"template":"","meta":[],"product_cat":[60,54],"product_tag":[151],"class_list":{"0":"post-1832","1":"product","2":"type-product","3":"status-publish","4":"has-post-thumbnail","6":"product_cat-eesti-majalipp","7":"product_cat-lipu-tarvikud","8":"product_tag-lint","10":"first","11":"instock","12":"taxable","13":"shipping-taxable","14":"purchasable","15":"product-type-simple"},"aioseo_notices":[],"_links":{"self":[{"href":"https:\/\/tameolipp.ee\/index.php?rest_route=\/wp\/v2\/product\/1832","targetHints":{"allow":["GET"]}}],"collection":[{"href":"https:\/\/tameolipp.ee\/index.php?rest_route=\/wp\/v2\/product"}],"about":[{"href":"https:\/\/tameolipp.ee\/index.php?rest_route=\/wp\/v2\/types\/product"}],"wp:featuredmedia":[{"embeddable":true,"href":"https:\/\/tameolipp.ee\/index.php?rest_route=\/wp\/v2\/media\/1833"}],"wp:attachment":[{"href":"https:\/\/tameolipp.ee\/index.php?rest_route=%2Fwp%2Fv2%2Fmedia&parent=1832"}],"wp:term":[{"taxonomy":"product_cat","embeddable":true,"href":"https:\/\/tameolipp.ee\/index.php?rest_route=%2Fwp%2Fv2%2Fproduct_cat&post=1832"},{"taxonomy":"product_tag","embeddable":true,"href":"https:\/\/tameolipp.ee\/index.php?rest_route=%2Fwp%2Fv2%2Fproduct_tag&post=1832"}],"curies":[{"name":"wp","href":"https:\/\/api.w.org\/{rel}","templated":true}]}}