{"id":1840,"date":"2019-03-25T16:42:41","date_gmt":"2019-03-25T16:42:41","guid":{"rendered":"https:\/\/tameolipp.ee\/?post_type=product&#038;p=1840"},"modified":"2026-04-20T09:22:12","modified_gmt":"2026-04-20T09:22:12","slug":"avamislint-missilint","status":"publish","type":"product","link":"https:\/\/tameolipp.ee\/?product=avamislint-missilint","title":{"rendered":"Lindid"},"content":{"rendered":"<p>Valmistame tr\u00fckitehnikas ja erinevatele kangastele teie vajadustele vastavaid linte.<\/p>\n<ul>\n<li>avamislindid,<\/li>\n<li>missilindid<\/li>\n<li>tiitellindid.<\/li>\n<\/ul>\n<p>Ettev\u00f5tte logoga v\u00f5i kujundusega, \u00fchekordse v\u00f5i kahekordse kangaga- k\u00f5ik on v\u00f5imalik.<\/p>\n<p>Avamislindina v\u00f5ib kasutada ka Eesti rahvusv\u00e4rvides paela.<\/p>\n","protected":false},"excerpt":{"rendered":"<p>Valmistame tr\u00fckitehnikas ja erinevatele kangastele teie vajadustele vastavaid linte. avamislindid, missilindid tiitellindid. Ettev\u00f5tte logoga v\u00f5i kujundusega, \u00fchekordse v\u00f5i kahekordse kangaga- k\u00f5ik on v\u00f5imalik. Avamislindina v\u00f5ib kasutada ka Eesti rahvusv\u00e4rvides paela.<\/p>\n","protected":false},"featured_media":1841,"template":"","meta":[],"product_cat":[116],"product_tag":[151],"class_list":{"0":"post-1840","1":"product","2":"type-product","3":"status-publish","4":"has-post-thumbnail","6":"product_cat-tekstiilist-tooted","7":"product_tag-lint","9":"first","10":"instock","11":"taxable","12":"shipping-taxable","13":"product-type-simple"},"aioseo_notices":[],"_links":{"self":[{"href":"https:\/\/tameolipp.ee\/index.php?rest_route=\/wp\/v2\/product\/1840","targetHints":{"allow":["GET"]}}],"collection":[{"href":"https:\/\/tameolipp.ee\/index.php?rest_route=\/wp\/v2\/product"}],"about":[{"href":"https:\/\/tameolipp.ee\/index.php?rest_route=\/wp\/v2\/types\/product"}],"wp:featuredmedia":[{"embeddable":true,"href":"https:\/\/tameolipp.ee\/index.php?rest_route=\/wp\/v2\/media\/1841"}],"wp:attachment":[{"href":"https:\/\/tameolipp.ee\/index.php?rest_route=%2Fwp%2Fv2%2Fmedia&parent=1840"}],"wp:term":[{"taxonomy":"product_cat","embeddable":true,"href":"https:\/\/tameolipp.ee\/index.php?rest_route=%2Fwp%2Fv2%2Fproduct_cat&post=1840"},{"taxonomy":"product_tag","embeddable":true,"href":"https:\/\/tameolipp.ee\/index.php?rest_route=%2Fwp%2Fv2%2Fproduct_tag&post=1840"}],"curies":[{"name":"wp","href":"https:\/\/api.w.org\/{rel}","templated":true}]}}