{"id":2152,"date":"2020-11-05T10:29:08","date_gmt":"2020-11-05T10:29:08","guid":{"rendered":"https:\/\/tameolipp.ee\/?post_type=product&#038;p=2152"},"modified":"2026-04-09T13:10:42","modified_gmt":"2026-04-09T13:10:42","slug":"ristjalg-kroomitud","status":"publish","type":"product","link":"https:\/\/tameolipp.ee\/?product=ristjalg-kroomitud","title":{"rendered":"Ristjalg (kroomitud)"},"content":{"rendered":"<p><strong>NB! Toote tarne on hetkel ebastabiilne. K\u00fcsi eelnevalt saadavust!<\/strong><\/p>\n<p>Lipujalg sobib k\u00f5val pinnasel kasutamiseks. Sobib kasutamiseks nii ruumides kui v\u00e4litingimustes. Varustatud keerleva rotaatoriga, mis tagab lipu parema liikuvuse tugeva tuule k\u00e4es. K\u00e4ib kompaktselt kokku<\/p>\n<p>Pikkus (kokkupanduna): 45 cm<\/p>\n<p>Kaal: 2,7 kg<\/p>\n","protected":false},"excerpt":{"rendered":"<p>Rotaatoriga lipujalg k\u00f5val pinnasel kasutamiseks.<\/p>\n","protected":false},"featured_media":2148,"template":"","meta":[],"product_cat":[150],"product_tag":[159,158,160],"class_list":{"0":"post-2152","1":"product","2":"type-product","3":"status-publish","4":"has-post-thumbnail","6":"product_cat-ranna-ja-surfilipud","7":"product_tag-rannalipu-alus","8":"product_tag-ristjalg","9":"product_tag-surfilipu-jalg","11":"first","12":"instock","13":"taxable","14":"shipping-taxable","15":"purchasable","16":"product-type-simple"},"aioseo_notices":[],"_links":{"self":[{"href":"https:\/\/tameolipp.ee\/index.php?rest_route=\/wp\/v2\/product\/2152","targetHints":{"allow":["GET"]}}],"collection":[{"href":"https:\/\/tameolipp.ee\/index.php?rest_route=\/wp\/v2\/product"}],"about":[{"href":"https:\/\/tameolipp.ee\/index.php?rest_route=\/wp\/v2\/types\/product"}],"wp:featuredmedia":[{"embeddable":true,"href":"https:\/\/tameolipp.ee\/index.php?rest_route=\/wp\/v2\/media\/2148"}],"wp:attachment":[{"href":"https:\/\/tameolipp.ee\/index.php?rest_route=%2Fwp%2Fv2%2Fmedia&parent=2152"}],"wp:term":[{"taxonomy":"product_cat","embeddable":true,"href":"https:\/\/tameolipp.ee\/index.php?rest_route=%2Fwp%2Fv2%2Fproduct_cat&post=2152"},{"taxonomy":"product_tag","embeddable":true,"href":"https:\/\/tameolipp.ee\/index.php?rest_route=%2Fwp%2Fv2%2Fproduct_tag&post=2152"}],"curies":[{"name":"wp","href":"https:\/\/api.w.org\/{rel}","templated":true}]}}