{"id":2154,"date":"2020-11-05T14:42:41","date_gmt":"2020-11-05T14:42:41","guid":{"rendered":"https:\/\/tameolipp.ee\/?post_type=product&#038;p=2154"},"modified":"2026-04-09T14:45:28","modified_gmt":"2026-04-09T14:45:28","slug":"piikjalg","status":"publish","type":"product","link":"https:\/\/tameolipp.ee\/?product=piikjalg","title":{"rendered":"Piikjalg"},"content":{"rendered":"<p><strong>NB! Toote tarne on hetkel ebastabiilne. K\u00fcsi eelnevalt saadavust!<\/strong><\/p>\n<p>Lipujalg surfi- ja rannalipu kinnitamiseks pinnasesse v\u00f5i lumme. Lihtne paigaldus &#8211; l\u00f6\u00f6 lihtsalt haamriga pinnasesse. Piikjalg on varustatud rotaatoriga, lipu parema liikuvuseks tugeva tuule k\u00e4es.<\/p>\n<p>Pikkus: 47 cm<\/p>\n<p>Kaal: 1 kg<\/p>\n","protected":false},"excerpt":{"rendered":"<p>Rotaatoriga lipujalg pinnasesse kinnitamiseks.<\/p>\n","protected":false},"featured_media":2142,"template":"","meta":[],"product_cat":[150],"product_tag":[162,160],"class_list":{"0":"post-2154","1":"product","2":"type-product","3":"status-publish","4":"has-post-thumbnail","6":"product_cat-ranna-ja-surfilipud","7":"product_tag-piikjalg","8":"product_tag-surfilipu-jalg","10":"first","11":"instock","12":"taxable","13":"shipping-taxable","14":"purchasable","15":"product-type-simple"},"aioseo_notices":[],"_links":{"self":[{"href":"https:\/\/tameolipp.ee\/index.php?rest_route=\/wp\/v2\/product\/2154","targetHints":{"allow":["GET"]}}],"collection":[{"href":"https:\/\/tameolipp.ee\/index.php?rest_route=\/wp\/v2\/product"}],"about":[{"href":"https:\/\/tameolipp.ee\/index.php?rest_route=\/wp\/v2\/types\/product"}],"wp:featuredmedia":[{"embeddable":true,"href":"https:\/\/tameolipp.ee\/index.php?rest_route=\/wp\/v2\/media\/2142"}],"wp:attachment":[{"href":"https:\/\/tameolipp.ee\/index.php?rest_route=%2Fwp%2Fv2%2Fmedia&parent=2154"}],"wp:term":[{"taxonomy":"product_cat","embeddable":true,"href":"https:\/\/tameolipp.ee\/index.php?rest_route=%2Fwp%2Fv2%2Fproduct_cat&post=2154"},{"taxonomy":"product_tag","embeddable":true,"href":"https:\/\/tameolipp.ee\/index.php?rest_route=%2Fwp%2Fv2%2Fproduct_tag&post=2154"}],"curies":[{"name":"wp","href":"https:\/\/api.w.org\/{rel}","templated":true}]}}