{"id":2156,"date":"2020-11-06T06:50:19","date_gmt":"2020-11-06T06:50:19","guid":{"rendered":"https:\/\/tameolipp.ee\/?post_type=product&#038;p=2156"},"modified":"2026-04-09T13:10:42","modified_gmt":"2026-04-09T13:10:42","slug":"veeraskuskott-lisaraskus-lipujalgadele","status":"publish","type":"product","link":"https:\/\/tameolipp.ee\/?product=veeraskuskott-lisaraskus-lipujalgadele","title":{"rendered":"Veeraskuskott (lisaraskus lipujalgadele)"},"content":{"rendered":"<p><strong>NB! Toote tarne on hetkel ebastabiilne. K\u00fcsi eelnevalt saadavust!<\/strong><\/p>\n<p>Lisaraskuskott surfi- ja rannalipule. Raskuskoti v\u00f5ib t\u00e4ita vee v\u00f5i liivaga. Sobib lisaraskuseks rist- ja plaatjalgadele.<\/p>\n<p>M\u00f5\u00f5dud: 60&#215;60 cm<\/p>\n<p>Kaal (veega t\u00e4idetult): 6 kg<\/p>\n","protected":false},"excerpt":{"rendered":"<p>Lisaraskus rist- ja plaatjalgadele<\/p>\n","protected":false},"featured_media":2143,"template":"","meta":[],"product_cat":[150],"product_tag":[159,160],"class_list":{"0":"post-2156","1":"product","2":"type-product","3":"status-publish","4":"has-post-thumbnail","6":"product_cat-ranna-ja-surfilipud","7":"product_tag-rannalipu-alus","8":"product_tag-surfilipu-jalg","10":"first","11":"instock","12":"taxable","13":"shipping-taxable","14":"purchasable","15":"product-type-simple"},"aioseo_notices":[],"_links":{"self":[{"href":"https:\/\/tameolipp.ee\/index.php?rest_route=\/wp\/v2\/product\/2156","targetHints":{"allow":["GET"]}}],"collection":[{"href":"https:\/\/tameolipp.ee\/index.php?rest_route=\/wp\/v2\/product"}],"about":[{"href":"https:\/\/tameolipp.ee\/index.php?rest_route=\/wp\/v2\/types\/product"}],"wp:featuredmedia":[{"embeddable":true,"href":"https:\/\/tameolipp.ee\/index.php?rest_route=\/wp\/v2\/media\/2143"}],"wp:attachment":[{"href":"https:\/\/tameolipp.ee\/index.php?rest_route=%2Fwp%2Fv2%2Fmedia&parent=2156"}],"wp:term":[{"taxonomy":"product_cat","embeddable":true,"href":"https:\/\/tameolipp.ee\/index.php?rest_route=%2Fwp%2Fv2%2Fproduct_cat&post=2156"},{"taxonomy":"product_tag","embeddable":true,"href":"https:\/\/tameolipp.ee\/index.php?rest_route=%2Fwp%2Fv2%2Fproduct_tag&post=2156"}],"curies":[{"name":"wp","href":"https:\/\/api.w.org\/{rel}","templated":true}]}}