{"id":2175,"date":"2020-11-18T20:34:14","date_gmt":"2020-11-18T20:34:14","guid":{"rendered":"https:\/\/tameolipp.ee\/?post_type=product&#038;p=2175"},"modified":"2026-04-17T00:30:44","modified_gmt":"2026-04-17T00:30:44","slug":"trukkimine-spordi-vabaaja-ja-tooriietele","status":"publish","type":"product","link":"https:\/\/tameolipp.ee\/?product=trukkimine-spordi-vabaaja-ja-tooriietele","title":{"rendered":"Tr\u00fckkimine spordi-, vabaaja-  ja t\u00f6\u00f6riietele"},"content":{"rendered":"<p>Firma logode tr\u00fckkimine t\u00f6\u00f6riietele- jakkide, t\u00f6\u00f6p\u00fckstele, t\u00f6\u00f6jopedele (ka talvejopedele).<\/p>\n<p>Spordiriietele- logod, numbrid,&#8230;.<\/p>\n<p>Vabaaja riietele-\u00a0 &#8230;.. , mida iganes<\/p>\n","protected":false},"excerpt":{"rendered":"<p>Firma logode tr\u00fckkimine t\u00f6\u00f6riietele- jakkide, t\u00f6\u00f6p\u00fckstele, t\u00f6\u00f6jopedele (ka talvejopedele). Spordiriietele- logod, numbrid,&#8230;. Vabaaja riietele-\u00a0 &#8230;.. , mida iganes<\/p>\n","protected":false},"featured_media":2181,"template":"","meta":[],"product_cat":[165],"product_tag":[166],"class_list":{"0":"post-2175","1":"product","2":"type-product","3":"status-publish","4":"has-post-thumbnail","6":"product_cat-siiditrukk","7":"product_tag-siiditrukk","9":"first","10":"instock","11":"taxable","12":"shipping-taxable","13":"product-type-simple"},"aioseo_notices":[],"_links":{"self":[{"href":"https:\/\/tameolipp.ee\/index.php?rest_route=\/wp\/v2\/product\/2175","targetHints":{"allow":["GET"]}}],"collection":[{"href":"https:\/\/tameolipp.ee\/index.php?rest_route=\/wp\/v2\/product"}],"about":[{"href":"https:\/\/tameolipp.ee\/index.php?rest_route=\/wp\/v2\/types\/product"}],"wp:featuredmedia":[{"embeddable":true,"href":"https:\/\/tameolipp.ee\/index.php?rest_route=\/wp\/v2\/media\/2181"}],"wp:attachment":[{"href":"https:\/\/tameolipp.ee\/index.php?rest_route=%2Fwp%2Fv2%2Fmedia&parent=2175"}],"wp:term":[{"taxonomy":"product_cat","embeddable":true,"href":"https:\/\/tameolipp.ee\/index.php?rest_route=%2Fwp%2Fv2%2Fproduct_cat&post=2175"},{"taxonomy":"product_tag","embeddable":true,"href":"https:\/\/tameolipp.ee\/index.php?rest_route=%2Fwp%2Fv2%2Fproduct_tag&post=2175"}],"curies":[{"name":"wp","href":"https:\/\/api.w.org\/{rel}","templated":true}]}}