{"id":2177,"date":"2020-11-18T21:33:06","date_gmt":"2020-11-18T21:33:06","guid":{"rendered":"https:\/\/tameolipp.ee\/?post_type=product&#038;p=2177"},"modified":"2026-04-17T00:30:44","modified_gmt":"2026-04-17T00:30:44","slug":"ratikud-padjakatted-riidest-kotid","status":"publish","type":"product","link":"https:\/\/tameolipp.ee\/?product=ratikud-padjakatted-riidest-kotid","title":{"rendered":"R\u00e4tikud, padjakatted, riidest kotid"},"content":{"rendered":"<p>Siiditr\u00fckk k\u00e4ter\u00e4tikutele, poekottidele, padjakatetele. V\u00f5imalik tr\u00fckkide erinevatele tekstiilidele.<\/p>\n","protected":false},"excerpt":{"rendered":"<p>Siiditr\u00fckk k\u00e4ter\u00e4tikutele, poekottidele, padjakatetele. V\u00f5imalik tr\u00fckkide erinevatele tekstiilidele.<\/p>\n","protected":false},"featured_media":2134,"template":"","meta":[],"product_cat":[165],"product_tag":[167,169,168,166],"class_list":{"0":"post-2177","1":"product","2":"type-product","3":"status-publish","4":"has-post-thumbnail","6":"product_cat-siiditrukk","7":"product_tag-kateratid","8":"product_tag-kotid","9":"product_tag-padjakatted","10":"product_tag-siiditrukk","12":"first","13":"instock","14":"taxable","15":"shipping-taxable","16":"product-type-simple"},"aioseo_notices":[],"_links":{"self":[{"href":"https:\/\/tameolipp.ee\/index.php?rest_route=\/wp\/v2\/product\/2177","targetHints":{"allow":["GET"]}}],"collection":[{"href":"https:\/\/tameolipp.ee\/index.php?rest_route=\/wp\/v2\/product"}],"about":[{"href":"https:\/\/tameolipp.ee\/index.php?rest_route=\/wp\/v2\/types\/product"}],"wp:featuredmedia":[{"embeddable":true,"href":"https:\/\/tameolipp.ee\/index.php?rest_route=\/wp\/v2\/media\/2134"}],"wp:attachment":[{"href":"https:\/\/tameolipp.ee\/index.php?rest_route=%2Fwp%2Fv2%2Fmedia&parent=2177"}],"wp:term":[{"taxonomy":"product_cat","embeddable":true,"href":"https:\/\/tameolipp.ee\/index.php?rest_route=%2Fwp%2Fv2%2Fproduct_cat&post=2177"},{"taxonomy":"product_tag","embeddable":true,"href":"https:\/\/tameolipp.ee\/index.php?rest_route=%2Fwp%2Fv2%2Fproduct_tag&post=2177"}],"curies":[{"name":"wp","href":"https:\/\/api.w.org\/{rel}","templated":true}]}}