{"id":2182,"date":"2020-11-24T20:49:29","date_gmt":"2020-11-24T20:49:29","guid":{"rendered":"https:\/\/tameolipp.ee\/?post_type=product&#038;p=2182"},"modified":"2026-04-17T00:30:44","modified_gmt":"2026-04-17T00:30:44","slug":"reklaamtoodetele-pakenditele-umbristele-trukkimine","status":"publish","type":"product","link":"https:\/\/tameolipp.ee\/?product=reklaamtoodetele-pakenditele-umbristele-trukkimine","title":{"rendered":"Reklaamtoodetele , pakenditele, \u00fcmbristele tr\u00fckkimine"},"content":{"rendered":"<p>Siiditr\u00fckk on paljudel juhtudel ainuke hea lahendus valmis toodetele v\u00f5i toote detailidele kujutiste tr\u00fckkimiseks. Samuti on ainult siiditr\u00fckis v\u00f5imalik tr\u00fckkida KULDSET ja H\u00d5BEDAST v\u00e4rvi.<\/p>\n<p>&nbsp;<\/p>\n","protected":false},"excerpt":{"rendered":"<p>Siiditr\u00fckk on paljudel juhtudel ainuke hea lahendus valmis toodetele v\u00f5i toote detailidele kujutiste tr\u00fckkimiseks. Samuti on ainult siiditr\u00fckis v\u00f5imalik tr\u00fckkida KULDSET ja H\u00d5BEDAST v\u00e4rvi. &nbsp;<\/p>\n","protected":false},"featured_media":2189,"template":"","meta":[],"product_cat":[165],"product_tag":[170,129,166],"class_list":{"0":"post-2182","1":"product","2":"type-product","3":"status-publish","4":"has-post-thumbnail","6":"product_cat-siiditrukk","7":"product_tag-logo-trukkimine","8":"product_tag-reklaam-tekstiil","9":"product_tag-siiditrukk","11":"first","12":"instock","13":"taxable","14":"shipping-taxable","15":"product-type-simple"},"aioseo_notices":[],"_links":{"self":[{"href":"https:\/\/tameolipp.ee\/index.php?rest_route=\/wp\/v2\/product\/2182","targetHints":{"allow":["GET"]}}],"collection":[{"href":"https:\/\/tameolipp.ee\/index.php?rest_route=\/wp\/v2\/product"}],"about":[{"href":"https:\/\/tameolipp.ee\/index.php?rest_route=\/wp\/v2\/types\/product"}],"wp:featuredmedia":[{"embeddable":true,"href":"https:\/\/tameolipp.ee\/index.php?rest_route=\/wp\/v2\/media\/2189"}],"wp:attachment":[{"href":"https:\/\/tameolipp.ee\/index.php?rest_route=%2Fwp%2Fv2%2Fmedia&parent=2182"}],"wp:term":[{"taxonomy":"product_cat","embeddable":true,"href":"https:\/\/tameolipp.ee\/index.php?rest_route=%2Fwp%2Fv2%2Fproduct_cat&post=2182"},{"taxonomy":"product_tag","embeddable":true,"href":"https:\/\/tameolipp.ee\/index.php?rest_route=%2Fwp%2Fv2%2Fproduct_tag&post=2182"}],"curies":[{"name":"wp","href":"https:\/\/api.w.org\/{rel}","templated":true}]}}