{"id":2217,"date":"2021-01-05T13:22:49","date_gmt":"2021-01-05T13:22:49","guid":{"rendered":"https:\/\/tameolipp.ee\/?post_type=product&#038;p=2217"},"modified":"2026-04-20T01:30:11","modified_gmt":"2026-04-20T01:30:11","slug":"lipumasti-valgusti","status":"publish","type":"product","link":"https:\/\/tameolipp.ee\/?product=lipumasti-valgusti","title":{"rendered":"PoleLed lipumasti valgusti"},"content":{"rendered":"<p><span class=\"VIiyi\" lang=\"et\"><span class=\"JLqJ4b ChMk0b\" data-language-for-alternatives=\"et\" data-language-to-translate-into=\"en\" data-phrase-index=\"0\">See ainulaadne lipuvalgustuse s\u00fcsteem koosneb<\/span><\/span><span class=\"VIiyi\" lang=\"et\"><span class=\"JLqJ4b ChMk0b\" data-language-for-alternatives=\"et\" data-language-to-translate-into=\"en\" data-phrase-index=\"0\"> v\u00f5imsatest LED-idest , mis on paigaldatud ringikujulisse korpusesse ja annab valgust 360\u00b0.<\/span> PoleLed valgusti puhul<span class=\"JLqJ4b ChMk0b\" data-language-for-alternatives=\"et\" data-language-to-translate-into=\"en\" data-phrase-index=\"1\"> pole vahet, millisest suunast tuul puhub: lipp on alati valgustatud.<\/span> <span class=\"JLqJ4b ChMk0b\" data-language-for-alternatives=\"et\" data-language-to-translate-into=\"en\" data-phrase-index=\"2\">Varje pole enam, lipp on alati valgustatud ja pole probleemi maapinnale paigadatud valgustite korral kaasneva muru hooldamisega ega lume koristusega.<\/span> <span class=\"JLqJ4b ChMk0b\" data-language-for-alternatives=\"et\" data-language-to-translate-into=\"en\" data-phrase-index=\"3\">V\u00f5imsad LEDi jagavad valgust eredalt ja \u00fchtlaselt ning valgustavad lipud v\u00e4ga erilisel viisil.<\/span> <span class=\"JLqJ4b ChMk0b\" data-language-for-alternatives=\"et\" data-language-to-translate-into=\"en\" data-phrase-index=\"4\">.<\/span> <span class=\"JLqJ4b ChMk0b\" data-language-for-alternatives=\"et\" data-language-to-translate-into=\"en\" data-phrase-index=\"6\">PoleLedi valgustuss\u00fcsteemi saab rakendada nii olemasolevatele kui ka uutele koonusekujulistele ja silindrilistele kuni 12 meetristele lipumastidele.<\/span> Valgusti<span class=\"JLqJ4b ChMk0b\" data-language-for-alternatives=\"et\" data-language-to-translate-into=\"en\" data-phrase-index=\"7\"> korpus on valmistatud alumiiniumist ja see on lipumastiga sama v\u00e4rvi- valge.<\/span> <span class=\"JLqJ4b ChMk0b\" data-language-for-alternatives=\"et\" data-language-to-translate-into=\"en\" data-phrase-index=\"8\">Kui kasutada PoleLed lipumasti valgusteid, siis on vandalism ja vargus praktiliselt v\u00f5imatu.<\/span><\/span><\/p>\n<p><iframe loading=\"lazy\" title=\"PoleLED Flagpole Light\" width=\"1200\" height=\"675\" src=\"https:\/\/www.youtube.com\/embed\/u-r_L5AYpvI?feature=oembed&#038;enablejsapi=1&#038;origin=https:\/\/tameolipp.ee\" frameborder=\"0\" allow=\"accelerometer; autoplay; clipboard-write; encrypted-media; gyroscope; picture-in-picture; web-share\" referrerpolicy=\"strict-origin-when-cross-origin\" allowfullscreen><\/iframe><\/p>\n<p><a href=\"https:\/\/tameolipp.ee\/wp-content\/uploads\/2021\/01\/PoleLed-spets2-scaled.jpg\"><img loading=\"lazy\" decoding=\"async\" class=\"wp-image-2229 aligncenter\" src=\"https:\/\/tameolipp.ee\/wp-content\/uploads\/2021\/01\/PoleLed-spets2-398x600.jpg\" alt=\"Lipumasti valgusti\" width=\"393\" height=\"592\" srcset=\"https:\/\/tameolipp.ee\/wp-content\/uploads\/2021\/01\/PoleLed-spets2-398x600.jpg 398w, https:\/\/tameolipp.ee\/wp-content\/uploads\/2021\/01\/PoleLed-spets2-199x300.jpg 199w, https:\/\/tameolipp.ee\/wp-content\/uploads\/2021\/01\/PoleLed-spets2-768x1158.jpg 768w, https:\/\/tameolipp.ee\/wp-content\/uploads\/2021\/01\/PoleLed-spets2-1019x1536.jpg 1019w, https:\/\/tameolipp.ee\/wp-content\/uploads\/2021\/01\/PoleLed-spets2-1359x2048.jpg 1359w, https:\/\/tameolipp.ee\/wp-content\/uploads\/2021\/01\/PoleLed-spets2-900x1357.jpg 900w, https:\/\/tameolipp.ee\/wp-content\/uploads\/2021\/01\/PoleLed-spets2-400x603.jpg 400w, https:\/\/tameolipp.ee\/wp-content\/uploads\/2021\/01\/PoleLed-spets2-scaled.jpg 1698w\" sizes=\"auto, (max-width: 393px) 100vw, 393px\" \/><\/a><\/p>\n<p>&nbsp;<\/p>\n","protected":false},"excerpt":{"rendered":"<p>Kvaliteetsed alumiiniumkorpusega\u00a0 lipumasti LED valgustid.<\/p>\n","protected":false},"featured_media":2215,"template":"","meta":[],"product_cat":[188],"product_tag":[95,174],"class_list":{"0":"post-2217","1":"product","2":"type-product","3":"status-publish","4":"has-post-thumbnail","6":"product_cat-lipumasti-valgustid","7":"product_tag-lipumast","8":"product_tag-valgusti","10":"first","11":"instock","12":"taxable","13":"shipping-taxable","14":"product-type-simple"},"aioseo_notices":[],"_links":{"self":[{"href":"https:\/\/tameolipp.ee\/index.php?rest_route=\/wp\/v2\/product\/2217","targetHints":{"allow":["GET"]}}],"collection":[{"href":"https:\/\/tameolipp.ee\/index.php?rest_route=\/wp\/v2\/product"}],"about":[{"href":"https:\/\/tameolipp.ee\/index.php?rest_route=\/wp\/v2\/types\/product"}],"wp:featuredmedia":[{"embeddable":true,"href":"https:\/\/tameolipp.ee\/index.php?rest_route=\/wp\/v2\/media\/2215"}],"wp:attachment":[{"href":"https:\/\/tameolipp.ee\/index.php?rest_route=%2Fwp%2Fv2%2Fmedia&parent=2217"}],"wp:term":[{"taxonomy":"product_cat","embeddable":true,"href":"https:\/\/tameolipp.ee\/index.php?rest_route=%2Fwp%2Fv2%2Fproduct_cat&post=2217"},{"taxonomy":"product_tag","embeddable":true,"href":"https:\/\/tameolipp.ee\/index.php?rest_route=%2Fwp%2Fv2%2Fproduct_tag&post=2217"}],"curies":[{"name":"wp","href":"https:\/\/api.w.org\/{rel}","templated":true}]}}