{"id":2232,"date":"2021-01-15T15:01:28","date_gmt":"2021-01-15T15:01:28","guid":{"rendered":"https:\/\/tameolipp.ee\/?post_type=product&#038;p=2232"},"modified":"2026-04-20T08:11:18","modified_gmt":"2026-04-20T08:11:18","slug":"rinnamark","status":"publish","type":"product","link":"https:\/\/tameolipp.ee\/?product=rinnamark","title":{"rendered":"Rinnam\u00e4rk"},"content":{"rendered":"<p>Rinnam\u00e4rgid sobivad rahvusp\u00fchadel kandmiseks, kingiks koost\u00f6\u00f6partnerile v\u00f5i kinnitamiseks r\u00f5ivatele v\u00e4lisreisile minnes.<\/p>\n<p>Meil on pakkuda erinevaid kujundusi. Tellida on v\u00f5imalik rinnam\u00e4rke ka oma kujunduse j\u00e4rgi.<\/p>\n<p>&nbsp;<\/p>\n","protected":false},"excerpt":{"rendered":"<p>Rinnam\u00e4rgid sobivad rahvusp\u00fchadel kandmiseks, kingiks koost\u00f6\u00f6partnerile v\u00f5i kinnitamiseks r\u00f5ivatele v\u00e4lisreisile minnes. Meil on pakkuda erinevaid kujundusi. Tellida on v\u00f5imalik rinnam\u00e4rke ka oma kujunduse j\u00e4rgi. &nbsp;<\/p>\n","protected":false},"featured_media":2235,"template":"","meta":[],"product_cat":[94],"product_tag":[175],"class_list":{"0":"post-2232","1":"product","2":"type-product","3":"status-publish","4":"has-post-thumbnail","6":"product_cat-sini-must-valge-rahvus-sumboolika","7":"product_tag-rinnamark","9":"first","10":"instock","11":"taxable","12":"shipping-taxable","13":"purchasable","14":"product-type-variable"},"aioseo_notices":[],"_links":{"self":[{"href":"https:\/\/tameolipp.ee\/index.php?rest_route=\/wp\/v2\/product\/2232","targetHints":{"allow":["GET"]}}],"collection":[{"href":"https:\/\/tameolipp.ee\/index.php?rest_route=\/wp\/v2\/product"}],"about":[{"href":"https:\/\/tameolipp.ee\/index.php?rest_route=\/wp\/v2\/types\/product"}],"wp:featuredmedia":[{"embeddable":true,"href":"https:\/\/tameolipp.ee\/index.php?rest_route=\/wp\/v2\/media\/2235"}],"wp:attachment":[{"href":"https:\/\/tameolipp.ee\/index.php?rest_route=%2Fwp%2Fv2%2Fmedia&parent=2232"}],"wp:term":[{"taxonomy":"product_cat","embeddable":true,"href":"https:\/\/tameolipp.ee\/index.php?rest_route=%2Fwp%2Fv2%2Fproduct_cat&post=2232"},{"taxonomy":"product_tag","embeddable":true,"href":"https:\/\/tameolipp.ee\/index.php?rest_route=%2Fwp%2Fv2%2Fproduct_tag&post=2232"}],"curies":[{"name":"wp","href":"https:\/\/api.w.org\/{rel}","templated":true}]}}