{"id":2240,"date":"2021-01-18T09:21:11","date_gmt":"2021-01-18T09:21:11","guid":{"rendered":"https:\/\/tameolipp.ee\/?post_type=product&#038;p=2240"},"modified":"2026-04-20T11:51:21","modified_gmt":"2026-04-20T11:51:21","slug":"roll-up-stend","status":"publish","type":"product","link":"https:\/\/tameolipp.ee\/?product=roll-up-stend","title":{"rendered":"Roll-up stend"},"content":{"rendered":"<div id=\"cc-m-5818941670\" class=\"j-module n j-text \">\n<p>Populaarne kaasaskantav \u00fchepoolne roll-up esitlusstend! Stendi eelised on stabiilsus, t\u00f6\u00f6kindlus, lihtne paigaldamine ja transportimine. Tugev mehhanism ja jalad eeldavad stendi korduva kasutamise (vana b\u00e4nneri eemaldamine ja uue paigaldamine). Parim hinna-kvaliteedi suhe!<\/p>\n<\/div>\n<div id=\"cc-m-5827594570\" class=\"j-module n j-text \">\n<p>Lisainfo ja spetsifikatsioonid:<\/p>\n<ul>\n<li>3 suurust (graafika n\u00e4htav ala): <strong>80&#215;200<\/strong>, <strong>85&#215;200<\/strong>\u00a0v\u00f5i\u00a0<strong>100&#215;200 cm<\/strong><\/li>\n<li>Konstruktsiooni kaal: <strong>al 2,6kg<\/strong><\/li>\n<li>Graafika \u00fclemine kinnitus snap-lock profiiliga (mugav graafikavahetus)<\/li>\n<li>Komplektis pehmendusega \u00f5lakott<\/li>\n<\/ul>\n<\/div>\n","protected":false},"excerpt":{"rendered":"<p>Populaarne kaasaskantav \u00fchepoolne roll-up esitlusstend<\/p>\n","protected":false},"featured_media":2222,"template":"","meta":[],"product_cat":[176],"product_tag":[],"class_list":{"0":"post-2240","1":"product","2":"type-product","3":"status-publish","4":"has-post-thumbnail","6":"product_cat-esitlustarvikud","8":"first","9":"instock","10":"taxable","11":"shipping-taxable","12":"product-type-simple"},"aioseo_notices":[],"_links":{"self":[{"href":"https:\/\/tameolipp.ee\/index.php?rest_route=\/wp\/v2\/product\/2240","targetHints":{"allow":["GET"]}}],"collection":[{"href":"https:\/\/tameolipp.ee\/index.php?rest_route=\/wp\/v2\/product"}],"about":[{"href":"https:\/\/tameolipp.ee\/index.php?rest_route=\/wp\/v2\/types\/product"}],"wp:featuredmedia":[{"embeddable":true,"href":"https:\/\/tameolipp.ee\/index.php?rest_route=\/wp\/v2\/media\/2222"}],"wp:attachment":[{"href":"https:\/\/tameolipp.ee\/index.php?rest_route=%2Fwp%2Fv2%2Fmedia&parent=2240"}],"wp:term":[{"taxonomy":"product_cat","embeddable":true,"href":"https:\/\/tameolipp.ee\/index.php?rest_route=%2Fwp%2Fv2%2Fproduct_cat&post=2240"},{"taxonomy":"product_tag","embeddable":true,"href":"https:\/\/tameolipp.ee\/index.php?rest_route=%2Fwp%2Fv2%2Fproduct_tag&post=2240"}],"curies":[{"name":"wp","href":"https:\/\/api.w.org\/{rel}","templated":true}]}}