{"id":2281,"date":"2021-01-27T14:14:29","date_gmt":"2021-01-27T14:14:29","guid":{"rendered":"https:\/\/tameolipp.ee\/?post_type=product&#038;p=2281"},"modified":"2026-04-08T00:47:36","modified_gmt":"2026-04-08T00:47:36","slug":"poikpuu-banner-bar-statsionaarne","status":"publish","type":"product","link":"https:\/\/tameolipp.ee\/?product=poikpuu-banner-bar-statsionaarne","title":{"rendered":"P\u00f5ikpuu Banner Bar (statsionaarne)"},"content":{"rendered":"<p>Statsionaarne p\u00f5ikpuu- kahel kuullaagril t\u00f6\u00f6taval metallist p\u00f6\u00f6rds\u00f5lmel. Komplekti kuulub : p\u00f6\u00f6rds\u00f5lm, alumiiniumist p\u00f5ikpuu (150 cm),\u00a0 lipuraskus ,3 x plastvits. Lipu vahetuseks tuleb mast langetada ja lipp vahetada. Turvaline ja t\u00f6\u00f6kindel lahendus. Miinuseks on et lipu vahetus on veidi t\u00f6\u00f6mahukam.<\/p>\n<p>Tipukuuli plastist osa kasutatakse olemasoleva lipumasti oma v\u00f5i kui seda pole tuleb lisaks osta. Valikus erinevat v\u00e4rvi tipukuulid (valge, h\u00f5bedane, kuldne) : <a href=\"https:\/\/tameolipp.ee\/?product=tipukuul\">https:\/\/tameolipp.ee\/?product=tipukuul\u00a0<\/a><\/p>\n<p>Tipukuuli sokli sisemine diameeter on 65 mm.<\/p>\n<p><strong>NB! Antud toodet ei ole v\u00f5imalik tarnida pakiautomaati\u00a0 toote m\u00f5\u00f5tude p\u00e4rast!\u00a0 V\u00f5imalik tarnida AINULT kulleri tarnega v\u00f5i ise kaubale j\u00e4rgi tulles!<\/strong><\/p>\n","protected":false},"excerpt":{"rendered":"<p>Statsionaarne p\u00f5ikpuu- kahel kuullaagril t\u00f6\u00f6taval metallist p\u00f6\u00f6rds\u00f5lmel. Komplekti kuulub : p\u00f6\u00f6rds\u00f5lm, alumiiniumist p\u00f5ikpuu (150 cm),\u00a0 lipuraskus ,3 x plastvits. Lipu vahetuseks tuleb mast langetada ja lipp vahetada. Turvaline ja t\u00f6\u00f6kindel lahendus. Miinuseks on et lipu vahetus on veidi t\u00f6\u00f6mahukam. Tipukuuli plastist osa kasutatakse olemasoleva lipumasti oma v\u00f5i kui seda pole tuleb lisaks osta. Valikus erinevat [&hellip;]<\/p>\n","protected":false},"featured_media":2280,"template":"","meta":[],"product_cat":[190],"product_tag":[177],"class_list":{"0":"post-2281","1":"product","2":"type-product","3":"status-publish","4":"has-post-thumbnail","6":"product_cat-lipumasti-tarvikud","7":"product_tag-lipumasti-tarvikud","9":"first","10":"instock","11":"taxable","12":"shipping-taxable","13":"purchasable","14":"product-type-simple"},"aioseo_notices":[],"_links":{"self":[{"href":"https:\/\/tameolipp.ee\/index.php?rest_route=\/wp\/v2\/product\/2281","targetHints":{"allow":["GET"]}}],"collection":[{"href":"https:\/\/tameolipp.ee\/index.php?rest_route=\/wp\/v2\/product"}],"about":[{"href":"https:\/\/tameolipp.ee\/index.php?rest_route=\/wp\/v2\/types\/product"}],"wp:featuredmedia":[{"embeddable":true,"href":"https:\/\/tameolipp.ee\/index.php?rest_route=\/wp\/v2\/media\/2280"}],"wp:attachment":[{"href":"https:\/\/tameolipp.ee\/index.php?rest_route=%2Fwp%2Fv2%2Fmedia&parent=2281"}],"wp:term":[{"taxonomy":"product_cat","embeddable":true,"href":"https:\/\/tameolipp.ee\/index.php?rest_route=%2Fwp%2Fv2%2Fproduct_cat&post=2281"},{"taxonomy":"product_tag","embeddable":true,"href":"https:\/\/tameolipp.ee\/index.php?rest_route=%2Fwp%2Fv2%2Fproduct_tag&post=2281"}],"curies":[{"name":"wp","href":"https:\/\/api.w.org\/{rel}","templated":true}]}}