{"id":2293,"date":"2021-02-05T09:33:16","date_gmt":"2021-02-05T09:33:16","guid":{"rendered":"https:\/\/tameolipp.ee\/?post_type=product&#038;p=2293"},"modified":"2026-04-29T12:10:46","modified_gmt":"2026-04-29T12:10:46","slug":"majalipp-vardaga","status":"publish","type":"product","link":"https:\/\/tameolipp.ee\/?product=majalipp-vardaga","title":{"rendered":"Majalipp vardaga"},"content":{"rendered":"<p>Majalipp vardaga on valmis komplekt, kus 2,5 meetrisele valgele puitvardale on nikeldatud naeltega kinnitatud \u00a0Eesti lipp.<\/p>\n<p>Lipuvarda otsiku valikud:\u00a0 terav v\u00f5i \u00fcmar.<\/p>\n<p><strong>NB! Antud toodet ei ole v\u00f5imalik tarnida pakiautomaati\u00a0 toote m\u00f5\u00f5tude p\u00e4rast!\u00a0 V\u00f5imalik tarnida AINULT kulleri tarnega v\u00f5i ise kaupale j\u00e4rgi tulles!<\/strong><\/p>\n","protected":false},"excerpt":{"rendered":"<p>Majalipp vardaga on valmis komplekt, kus 2,5 meetrisele valgele puitvardale on nikeldatud naeltega kinnitatud \u00a0Eesti lipp. Lipuvarda otsiku valikud:\u00a0 terav v\u00f5i \u00fcmar. NB! Antud toodet ei ole v\u00f5imalik tarnida pakiautomaati\u00a0 toote m\u00f5\u00f5tude p\u00e4rast!\u00a0 V\u00f5imalik tarnida AINULT kulleri tarnega v\u00f5i ise kaupale j\u00e4rgi tulles!<\/p>\n","protected":false},"featured_media":1599,"template":"","meta":[],"product_cat":[60,54],"product_tag":[],"class_list":{"0":"post-2293","1":"product","2":"type-product","3":"status-publish","4":"has-post-thumbnail","6":"product_cat-eesti-majalipp","7":"product_cat-lipu-tarvikud","9":"first","10":"instock","11":"taxable","12":"shipping-taxable","13":"purchasable","14":"product-type-variable"},"aioseo_notices":[],"_links":{"self":[{"href":"https:\/\/tameolipp.ee\/index.php?rest_route=\/wp\/v2\/product\/2293","targetHints":{"allow":["GET"]}}],"collection":[{"href":"https:\/\/tameolipp.ee\/index.php?rest_route=\/wp\/v2\/product"}],"about":[{"href":"https:\/\/tameolipp.ee\/index.php?rest_route=\/wp\/v2\/types\/product"}],"wp:featuredmedia":[{"embeddable":true,"href":"https:\/\/tameolipp.ee\/index.php?rest_route=\/wp\/v2\/media\/1599"}],"wp:attachment":[{"href":"https:\/\/tameolipp.ee\/index.php?rest_route=%2Fwp%2Fv2%2Fmedia&parent=2293"}],"wp:term":[{"taxonomy":"product_cat","embeddable":true,"href":"https:\/\/tameolipp.ee\/index.php?rest_route=%2Fwp%2Fv2%2Fproduct_cat&post=2293"},{"taxonomy":"product_tag","embeddable":true,"href":"https:\/\/tameolipp.ee\/index.php?rest_route=%2Fwp%2Fv2%2Fproduct_tag&post=2293"}],"curies":[{"name":"wp","href":"https:\/\/api.w.org\/{rel}","templated":true}]}}