{"id":2438,"date":"2021-10-13T11:23:34","date_gmt":"2021-10-13T11:23:34","guid":{"rendered":"https:\/\/tameolipp.ee\/?post_type=product&#038;p=2438"},"modified":"2026-04-21T05:23:08","modified_gmt":"2026-04-21T05:23:08","slug":"lipuvalgusti-grus","status":"publish","type":"product","link":"https:\/\/tameolipp.ee\/?product=lipuvalgusti-grus","title":{"rendered":"Lipuvalgusti GRUS"},"content":{"rendered":"<div class=\"description\">\n<p>Pro\u017eektor-t\u00fc\u00fcpi valgusti lipu valgustamiseks. Korpus valmistatud alumiiniumvalust, karastatud kaitseklaas, roostevabast terasest kinnituskruvid.<\/p>\n<p>GRUS lipuvalgusti on varustatud roostevabast terasest tugijalaga, valgusti paigaldamiseks lipumasti ankrupoldi k\u00fclge. Valgusti j\u00e4\u00e4b maapinnast ca 30cm k\u00f5rgusele mis on hea lahendus,\u00a0 sest ei sega muru niitmist ja talvine lumi ei summuta valgust. Lisatarvikute abil v\u00f5imalik valgusti paigaldada kas lipumasti k\u00fclge v\u00f5i paigaldada l\u00e4heduses olevale objektile ning suunata lipule.<\/p>\n<p><strong>Toide:<\/strong> \u00a0\u00a0\u00a0\u00a0\u00a0\u00a0\u00a0\u00a0\u00a0\u00a0\u00a0\u00a0\u00a0\u00a0\u00a0\u00a0\u00a0\u00a0\u00a0\u00a0\u00a0\u00a0\u00a0\u00a0 220-240V 50-60Hz<\/p>\n<p><strong>V\u00f5imsus:<\/strong> \u00a0\u00a0\u00a0\u00a0\u00a0\u00a0\u00a0\u00a0\u00a0\u00a0\u00a0\u00a0\u00a0\u00a0\u00a0\u00a0\u00a0\u00a0 11W<br \/>\n<strong>Valgusallikas:<\/strong> \u00a0\u00a0\u00a0\u00a0\u00a0\u00a0\u00a0\u00a0 LED moodul<br \/>\n<strong>Valgusvihk:<\/strong> \u00a0\u00a0\u00a0\u00a0\u00a0\u00a0\u00a0\u00a0\u00a0\u00a0\u00a0\u00a0\u00a0 15\u00b0<br \/>\n<strong>Valgusviljakus:<\/strong> \u00a0\u00a0\u00a0\u00a0\u00a0 1087lm<br \/>\n<strong>Valguse v\u00e4rvus<\/strong>:\u00a0\u00a0\u00a0\u00a0\u00a0 4000K (valge)<br \/>\n<strong>Eluiga:<\/strong> \u00a0\u00a0\u00a0\u00a0\u00a0\u00a0\u00a0\u00a0\u00a0\u00a0\u00a0\u00a0\u00a0\u00a0\u00a0\u00a0\u00a0\u00a0\u00a0\u00a0\u00a0\u00a0 50.000h<\/p>\n<div class=\"tab-container\">\n<div id=\"tab-description\" class=\"panel entry-content tab_content\">\n<p><strong>M\u00f5\u00f5tmed:\u00a0\u00a0\u00a0\u00a0\u00a0\u00a0\u00a0\u00a0\u00a0\u00a0\u00a0\u00a0\u00a0\u00a0\u00a0 <\/strong>\u00d8120x90mm\u00a0<strong><br \/>\n<\/strong><span class=\"VIiyi\" lang=\"et\"><span class=\"JLqJ4b ChMk0b\" data-language-for-alternatives=\"et\" data-language-to-translate-into=\"en\" data-phrase-index=\"58\" data-number-of-phrases=\"71\"><strong>T\u00f6\u00f6temperatuuri vahemik<\/strong> \u00b0 C -25 &#8230;+40 C<\/span><\/span><br \/>\n<strong>Kaitseaste:<\/strong>\u00a0IP65<br \/>\n<strong>Vandaalikindlus:<\/strong>\u00a0IK08<\/p>\n<\/div>\n<\/div>\n<\/div>\n<form class=\"cart\" action=\"https:\/\/www.lipumastipood.ee\/toode\/valgusti-kinnitusega\/\" enctype=\"multipart\/form-data\" method=\"post\">\n<div class=\"quantity buttons_added\"><\/div>\n<\/form>\n<p><input id=\"quantity_616688a7516d2\" class=\"input-text qty text\" title=\"Kogus\" max=\"\" min=\"1\" name=\"quantity\" size=\"4\" step=\"1\" type=\"number\" value=\"1\" \/><\/p>\n<div class=\"summary entry-summary\"><\/div>\n<div class=\"clearfix\"><\/div>\n","protected":false},"excerpt":{"rendered":"<p>Pro\u017eektor-t\u00fc\u00fcpi valgusti lipu valgustamiseks. Korpus valmistatud alumiiniumvalust, karastatud kaitseklaas, roostevabast terasest kinnituskruvid. GRUS lipuvalgusti on varustatud roostevabast terasest tugijalaga, valgusti paigaldamiseks lipumasti ankrupoldi k\u00fclge. Valgusti j\u00e4\u00e4b maapinnast ca 30cm k\u00f5rgusele mis on hea lahendus,\u00a0 sest ei sega muru niitmist ja talvine lumi ei summuta valgust. Lisatarvikute abil v\u00f5imalik valgusti paigaldada kas lipumasti k\u00fclge v\u00f5i paigaldada [&hellip;]<\/p>\n","protected":false},"featured_media":2436,"template":"","meta":[],"product_cat":[188],"product_tag":[181],"class_list":{"0":"post-2438","1":"product","2":"type-product","3":"status-publish","4":"has-post-thumbnail","6":"product_cat-lipumasti-valgustid","7":"product_tag-lipuvalgusti","9":"first","10":"instock","11":"taxable","12":"shipping-taxable","13":"purchasable","14":"product-type-simple"},"aioseo_notices":[],"_links":{"self":[{"href":"https:\/\/tameolipp.ee\/index.php?rest_route=\/wp\/v2\/product\/2438","targetHints":{"allow":["GET"]}}],"collection":[{"href":"https:\/\/tameolipp.ee\/index.php?rest_route=\/wp\/v2\/product"}],"about":[{"href":"https:\/\/tameolipp.ee\/index.php?rest_route=\/wp\/v2\/types\/product"}],"wp:featuredmedia":[{"embeddable":true,"href":"https:\/\/tameolipp.ee\/index.php?rest_route=\/wp\/v2\/media\/2436"}],"wp:attachment":[{"href":"https:\/\/tameolipp.ee\/index.php?rest_route=%2Fwp%2Fv2%2Fmedia&parent=2438"}],"wp:term":[{"taxonomy":"product_cat","embeddable":true,"href":"https:\/\/tameolipp.ee\/index.php?rest_route=%2Fwp%2Fv2%2Fproduct_cat&post=2438"},{"taxonomy":"product_tag","embeddable":true,"href":"https:\/\/tameolipp.ee\/index.php?rest_route=%2Fwp%2Fv2%2Fproduct_tag&post=2438"}],"curies":[{"name":"wp","href":"https:\/\/api.w.org\/{rel}","templated":true}]}}