{"id":2586,"date":"2022-09-22T07:12:31","date_gmt":"2022-09-22T07:12:31","guid":{"rendered":"https:\/\/tameolipp.ee\/?post_type=product&#038;p=2586"},"modified":"2026-04-20T08:15:12","modified_gmt":"2026-04-20T08:15:12","slug":"lipurivi","status":"publish","type":"product","link":"https:\/\/tameolipp.ee\/?product=lipurivi","title":{"rendered":"Lipurivi"},"content":{"rendered":"<p>Lipurivi on hea v\u00f5imalus silma paista \u00fcritustel nii \u00f5ues kui siseruumis.<\/p>\n<p>Lipurivid valmistame tellimisel. Lipud valmistame tekstiilist.\u00a0 Lipurivi pikkus v\u00f5ib olla m\u00f5nest meetrist mitmek\u00fcmne meetrini.<\/p>\n","protected":false},"excerpt":{"rendered":"<p>Lipurivi on hea v\u00f5imalus silma paista \u00fcritustel nii \u00f5ues kui siseruumis. Lipurivid valmistame tellimisel. Lipud valmistame tekstiilist.\u00a0 Lipurivi pikkus v\u00f5ib olla m\u00f5nest meetrist mitmek\u00fcmne meetrini.<\/p>\n","protected":false},"featured_media":2587,"template":"","meta":[],"product_cat":[176,115],"product_tag":[184],"class_list":{"0":"post-2586","1":"product","2":"type-product","3":"status-publish","4":"has-post-thumbnail","6":"product_cat-esitlustarvikud","7":"product_cat-reklaam-tooted","8":"product_tag-lipurivi","10":"first","11":"instock","12":"taxable","13":"shipping-taxable","14":"product-type-simple"},"aioseo_notices":[],"_links":{"self":[{"href":"https:\/\/tameolipp.ee\/index.php?rest_route=\/wp\/v2\/product\/2586","targetHints":{"allow":["GET"]}}],"collection":[{"href":"https:\/\/tameolipp.ee\/index.php?rest_route=\/wp\/v2\/product"}],"about":[{"href":"https:\/\/tameolipp.ee\/index.php?rest_route=\/wp\/v2\/types\/product"}],"wp:featuredmedia":[{"embeddable":true,"href":"https:\/\/tameolipp.ee\/index.php?rest_route=\/wp\/v2\/media\/2587"}],"wp:attachment":[{"href":"https:\/\/tameolipp.ee\/index.php?rest_route=%2Fwp%2Fv2%2Fmedia&parent=2586"}],"wp:term":[{"taxonomy":"product_cat","embeddable":true,"href":"https:\/\/tameolipp.ee\/index.php?rest_route=%2Fwp%2Fv2%2Fproduct_cat&post=2586"},{"taxonomy":"product_tag","embeddable":true,"href":"https:\/\/tameolipp.ee\/index.php?rest_route=%2Fwp%2Fv2%2Fproduct_tag&post=2586"}],"curies":[{"name":"wp","href":"https:\/\/api.w.org\/{rel}","templated":true}]}}