{"id":2592,"date":"2022-09-28T20:38:39","date_gmt":"2022-09-28T20:38:39","guid":{"rendered":"https:\/\/tameolipp.ee\/?post_type=product&#038;p=2592"},"modified":"2026-04-20T10:39:04","modified_gmt":"2026-04-20T10:39:04","slug":"lipuvalgusti-grus-m-led","status":"publish","type":"product","link":"https:\/\/tameolipp.ee\/?product=lipuvalgusti-grus-m-led","title":{"rendered":"Lipuvalgusti GRUS M LED"},"content":{"rendered":"<p>Toote hind:<\/p>\n<p>375.00 EUR<\/p>\n<p>410.00 EUR\u00a0 (koos roostevaba kinnitusega)<\/p>\n<p>Pinnapealne\u00a0 LED valgusti<br \/>\nValguse jaotuse t\u00fc\u00fcp: otsene<br \/>\nOptiline s\u00fcsteem: l\u00e4\u00e4tsed, karastatud klaasist hajuti, l\u00f6\u00f6gikindel<br \/>\nKorpus: alumiinium<br \/>\nV\u00e4rv: tumehall (RAL7043)<\/p>\n<p>TEHNILINE KIRJELDUS:<br \/>\nV\u00f5rgupinge:\u00a0 \u00a0 \u00a0 \u00a0 \u00a0 \u00a0 \u00a0 \u00a0 \u00a0 \u00a0 \u00a0 \u00a0 \u00a0 \u00a0 220-240V, 50\/60Hz<\/p>\n<p>S\u00fcsteemi v\u00f5imsus*, W:\u00a0 \u00a0 \u00a0 \u00a0 \u00a030<\/p>\n<p>Valgusti v\u00e4ljund*, lm:\u00a0 \u00a0 \u00a0 \u00a0 \u00a0 4900<\/p>\n<p>CCT, K:\u00a0 \u00a0 \u00a0 \u00a0 \u00a0 \u00a0 \u00a0 \u00a0 \u00a0 \u00a0 \u00a0 \u00a0 \u00a0 \u00a0 \u00a0 \u00a0 \u00a0 \u00a04000<br \/>\nValgusjaotus: s\u00fcmmeetriline keskmine valgusvihk\u00a0 (31\u00b0\u202675\u00b0)<br \/>\nLED-i eluiga, h:\u00a0 \u00a0 \u00a0 \u00a0 \u00a0 \u00a0 \u00a0 \u00a0 \u00a0 \u00a0 50000\/L70B50<\/p>\n<p>Netokaal, kg: 3,7<br \/>\nT\u00f6\u00f6temperatuur vahemik, \u00b0C:\u00a0 \u00a0 -25&#8230;+40 C<\/p>\n<p>Kaitseklass IEC: I \u00a0IP65<\/p>\n<p>Garantii: 2 aastat<\/p>\n","protected":false},"excerpt":{"rendered":"<p>Toote hind: 375.00 EUR 410.00 EUR\u00a0 (koos roostevaba kinnitusega) Pinnapealne\u00a0 LED valgusti Valguse jaotuse t\u00fc\u00fcp: otsene Optiline s\u00fcsteem: l\u00e4\u00e4tsed, karastatud klaasist hajuti, l\u00f6\u00f6gikindel Korpus: alumiinium V\u00e4rv: tumehall (RAL7043) TEHNILINE KIRJELDUS: V\u00f5rgupinge:\u00a0 \u00a0 \u00a0 \u00a0 \u00a0 \u00a0 \u00a0 \u00a0 \u00a0 \u00a0 \u00a0 \u00a0 \u00a0 \u00a0 220-240V, 50\/60Hz S\u00fcsteemi v\u00f5imsus*, W:\u00a0 \u00a0 \u00a0 \u00a0 \u00a030 Valgusti v\u00e4ljund*, [&hellip;]<\/p>\n","protected":false},"featured_media":2593,"template":"","meta":[],"product_cat":[188],"product_tag":[],"class_list":{"0":"post-2592","1":"product","2":"type-product","3":"status-publish","4":"has-post-thumbnail","6":"product_cat-lipumasti-valgustid","8":"first","9":"instock","10":"taxable","11":"shipping-taxable","12":"product-type-simple"},"aioseo_notices":[],"_links":{"self":[{"href":"https:\/\/tameolipp.ee\/index.php?rest_route=\/wp\/v2\/product\/2592","targetHints":{"allow":["GET"]}}],"collection":[{"href":"https:\/\/tameolipp.ee\/index.php?rest_route=\/wp\/v2\/product"}],"about":[{"href":"https:\/\/tameolipp.ee\/index.php?rest_route=\/wp\/v2\/types\/product"}],"wp:featuredmedia":[{"embeddable":true,"href":"https:\/\/tameolipp.ee\/index.php?rest_route=\/wp\/v2\/media\/2593"}],"wp:attachment":[{"href":"https:\/\/tameolipp.ee\/index.php?rest_route=%2Fwp%2Fv2%2Fmedia&parent=2592"}],"wp:term":[{"taxonomy":"product_cat","embeddable":true,"href":"https:\/\/tameolipp.ee\/index.php?rest_route=%2Fwp%2Fv2%2Fproduct_cat&post=2592"},{"taxonomy":"product_tag","embeddable":true,"href":"https:\/\/tameolipp.ee\/index.php?rest_route=%2Fwp%2Fv2%2Fproduct_tag&post=2592"}],"curies":[{"name":"wp","href":"https:\/\/api.w.org\/{rel}","templated":true}]}}