{"id":2766,"date":"2023-11-24T13:23:39","date_gmt":"2023-11-24T13:23:39","guid":{"rendered":"https:\/\/tameolipp.ee\/?post_type=product&#038;p=2766"},"modified":"2026-04-20T06:36:12","modified_gmt":"2026-04-20T06:36:12","slug":"poorlev-lipuvarras","status":"publish","type":"product","link":"https:\/\/tameolipp.ee\/?product=poorlev-lipuvarras","title":{"rendered":"P\u00f6\u00f6rlev lipuvarras"},"content":{"rendered":"<p>Lipuvardal on uudne lahendus, mis tagab lipu lehvivuse igasuguse ilmaga.<br \/>\nKuullaagritel varras hoiab \u00e4ra lipukanga kerimise \u00fcmber lipuvarda ja kangas on raskusj\u00f5u m\u00f5jul avatud asendis. Lipuvardas olevaid laagreid saab hoiustamiseks ja transportimiseks lukustada spetsiaalse fiksaatoriga.<\/p>\n<ul>\n<li>2.5 m lipuvarda kaal 2,3 kg (ilma lipukangata)<\/li>\n<li>3.0 m lipuvarda kaal 2,5 kg (ilma lipukangata)<\/li>\n<li>Lipuvarda diameeter on 40 mm<\/li>\n<li>Laagrite t\u00f6\u00f6temperatuur -30 C kuni +80 C<\/li>\n<li>Materjal alumiinium<\/li>\n<li>Pulberv\u00e4rvitud, valge RAL 9010 ja h\u00f5behall RAL 9007<\/li>\n<\/ul>\n<p><strong>Toote hind:\u00a0 \u00a0 210.00 EUR (2,5m)<\/strong><\/p>\n<p><strong>\u00a0 \u00a0 \u00a0 \u00a0 \u00a0 \u00a0 \u00a0 \u00a0 \u00a0 \u00a0 \u00a0 \u00a0 \u00a0 220.00 EUR (3 m)<\/strong><\/p>\n<p><strong>Tarne ainult KULLERIGA.<\/strong><\/p>\n<p>&nbsp;<\/p>\n","protected":false},"excerpt":{"rendered":"<p>Lipuvardal on uudne lahendus, mis tagab lipu lehvivuse igasuguse ilmaga. Kuullaagritel varras hoiab \u00e4ra lipukanga kerimise \u00fcmber lipuvarda ja kangas on raskusj\u00f5u m\u00f5jul avatud asendis. Lipuvardas olevaid laagreid saab hoiustamiseks ja transportimiseks lukustada spetsiaalse fiksaatoriga. 2.5 m lipuvarda kaal 2,3 kg (ilma lipukangata) 3.0 m lipuvarda kaal 2,5 kg (ilma lipukangata) Lipuvarda diameeter on 40 [&hellip;]<\/p>\n","protected":false},"featured_media":2764,"template":"","meta":[],"product_cat":[54],"product_tag":[101,124,102],"class_list":{"0":"post-2766","1":"product","2":"type-product","3":"status-publish","4":"has-post-thumbnail","6":"product_cat-lipu-tarvikud","7":"product_tag-lipu-varras","8":"product_tag-lipuvarras","9":"product_tag-varras","11":"first","12":"instock","13":"taxable","14":"shipping-taxable","15":"product-type-simple"},"aioseo_notices":[],"_links":{"self":[{"href":"https:\/\/tameolipp.ee\/index.php?rest_route=\/wp\/v2\/product\/2766","targetHints":{"allow":["GET"]}}],"collection":[{"href":"https:\/\/tameolipp.ee\/index.php?rest_route=\/wp\/v2\/product"}],"about":[{"href":"https:\/\/tameolipp.ee\/index.php?rest_route=\/wp\/v2\/types\/product"}],"wp:featuredmedia":[{"embeddable":true,"href":"https:\/\/tameolipp.ee\/index.php?rest_route=\/wp\/v2\/media\/2764"}],"wp:attachment":[{"href":"https:\/\/tameolipp.ee\/index.php?rest_route=%2Fwp%2Fv2%2Fmedia&parent=2766"}],"wp:term":[{"taxonomy":"product_cat","embeddable":true,"href":"https:\/\/tameolipp.ee\/index.php?rest_route=%2Fwp%2Fv2%2Fproduct_cat&post=2766"},{"taxonomy":"product_tag","embeddable":true,"href":"https:\/\/tameolipp.ee\/index.php?rest_route=%2Fwp%2Fv2%2Fproduct_tag&post=2766"}],"curies":[{"name":"wp","href":"https:\/\/api.w.org\/{rel}","templated":true}]}}