{"id":2767,"date":"2023-11-24T13:37:59","date_gmt":"2023-11-24T13:37:59","guid":{"rendered":"https:\/\/tameolipp.ee\/?post_type=product&#038;p=2767"},"modified":"2026-04-20T06:36:12","modified_gmt":"2026-04-20T06:36:12","slug":"lipuvarda-hoidja-soovitame-poorlevale-lipuvardale","status":"publish","type":"product","link":"https:\/\/tameolipp.ee\/?product=lipuvarda-hoidja-soovitame-poorlevale-lipuvardale","title":{"rendered":"Lipuvarda hoidja (soovitame p\u00f6\u00f6rlevale lipuvardale)"},"content":{"rendered":"<p>V\u00e4rvitoonid:\u00a0 Valge RAL 9010 ja\u00a0 H\u00f5behall RAL 9007 <span class=\" price-info \">(Pulberv\u00e4rvitud + roostevaba metall)<\/span><\/p>\n<ul>\n<li>Seinakinnitusplaadi all \u00e4\u00e4res paikneb sademete eemalesuunaja, mis hoiab \u00e4ra inetu triibu tekkimise fassaadile<\/li>\n<li>Lukustuspolt aitab \u00e4ra hoida lipuvarda p\u00f6\u00f6rlemise hoidikus ja raskendab lipuvarda vargust<\/li>\n<li>Toru spetsiaalselt t\u00f6\u00f6deldud ots v\u00f5imaldab lipuvarrast kergesti sisestada hoidikusse<\/li>\n<li>Seinakinnitusplaadi v\u00e4lism\u00f5\u00f5dud on 150 X 300 mm ja kaldenurk on 50 kraadi<\/li>\n<li>lipuvarda hoidiku sisem\u00f5\u00f5t on 41 mm<\/li>\n<li>Tugev konstruktsioon<\/li>\n<li>Kaal 1,8 kg<\/li>\n<\/ul>\n<p>Hind : 65.00 EUR<\/p>\n","protected":false},"excerpt":{"rendered":"<p>V\u00e4rvitoonid:\u00a0 Valge RAL 9010 ja\u00a0 H\u00f5behall RAL 9007 (Pulberv\u00e4rvitud + roostevaba metall) Seinakinnitusplaadi all \u00e4\u00e4res paikneb sademete eemalesuunaja, mis hoiab \u00e4ra inetu triibu tekkimise fassaadile Lukustuspolt aitab \u00e4ra hoida lipuvarda p\u00f6\u00f6rlemise hoidikus ja raskendab lipuvarda vargust Toru spetsiaalselt t\u00f6\u00f6deldud ots v\u00f5imaldab lipuvarrast kergesti sisestada hoidikusse Seinakinnitusplaadi v\u00e4lism\u00f5\u00f5dud on 150 X 300 mm ja kaldenurk on [&hellip;]<\/p>\n","protected":false},"featured_media":2761,"template":"","meta":[],"product_cat":[54],"product_tag":[103,186],"class_list":{"0":"post-2767","1":"product","2":"type-product","3":"status-publish","4":"has-post-thumbnail","6":"product_cat-lipu-tarvikud","7":"product_tag-lipuhoidja","8":"product_tag-seinakinnitus","10":"first","11":"instock","12":"taxable","13":"shipping-taxable","14":"purchasable","15":"product-type-variable"},"aioseo_notices":[],"_links":{"self":[{"href":"https:\/\/tameolipp.ee\/index.php?rest_route=\/wp\/v2\/product\/2767","targetHints":{"allow":["GET"]}}],"collection":[{"href":"https:\/\/tameolipp.ee\/index.php?rest_route=\/wp\/v2\/product"}],"about":[{"href":"https:\/\/tameolipp.ee\/index.php?rest_route=\/wp\/v2\/types\/product"}],"wp:featuredmedia":[{"embeddable":true,"href":"https:\/\/tameolipp.ee\/index.php?rest_route=\/wp\/v2\/media\/2761"}],"wp:attachment":[{"href":"https:\/\/tameolipp.ee\/index.php?rest_route=%2Fwp%2Fv2%2Fmedia&parent=2767"}],"wp:term":[{"taxonomy":"product_cat","embeddable":true,"href":"https:\/\/tameolipp.ee\/index.php?rest_route=%2Fwp%2Fv2%2Fproduct_cat&post=2767"},{"taxonomy":"product_tag","embeddable":true,"href":"https:\/\/tameolipp.ee\/index.php?rest_route=%2Fwp%2Fv2%2Fproduct_tag&post=2767"}],"curies":[{"name":"wp","href":"https:\/\/api.w.org\/{rel}","templated":true}]}}