{"id":2827,"date":"2024-03-06T13:52:10","date_gmt":"2024-03-06T13:52:10","guid":{"rendered":"https:\/\/tameolipp.ee\/?post_type=product&#038;p=2827"},"modified":"2026-04-08T00:16:10","modified_gmt":"2026-04-08T00:16:10","slug":"oma-kujundusega-ratik","status":"publish","type":"product","link":"https:\/\/tameolipp.ee\/?product=oma-kujundusega-ratik","title":{"rendered":"Oma kujundusega r\u00e4tik"},"content":{"rendered":"<p>Valmistame teie kujunduse j\u00e4rgi r\u00e4tiku! Kas firma s\u00fcmboolikaga v\u00f5i foto p\u00f5hjal.<\/p>\n<p>K\u00fcsi sobivat m\u00f5\u00f5tu! R\u00e4tik tuleb \u00fchelt poolt kujundusega, teiselt poolt valge.<\/p>\n","protected":false},"excerpt":{"rendered":"<p>Valmistame teie kujunduse j\u00e4rgi r\u00e4tiku! Kas firma s\u00fcmboolikaga v\u00f5i foto p\u00f5hjal. K\u00fcsi sobivat m\u00f5\u00f5tu! R\u00e4tik tuleb \u00fchelt poolt kujundusega, teiselt poolt valge.<\/p>\n","protected":false},"featured_media":2810,"template":"","meta":[],"product_cat":[115,116],"product_tag":[],"class_list":{"0":"post-2827","1":"product","2":"type-product","3":"status-publish","4":"has-post-thumbnail","6":"product_cat-reklaam-tooted","7":"product_cat-tekstiilist-tooted","9":"first","10":"instock","11":"taxable","12":"shipping-taxable","13":"product-type-simple"},"aioseo_notices":[],"_links":{"self":[{"href":"https:\/\/tameolipp.ee\/index.php?rest_route=\/wp\/v2\/product\/2827","targetHints":{"allow":["GET"]}}],"collection":[{"href":"https:\/\/tameolipp.ee\/index.php?rest_route=\/wp\/v2\/product"}],"about":[{"href":"https:\/\/tameolipp.ee\/index.php?rest_route=\/wp\/v2\/types\/product"}],"wp:featuredmedia":[{"embeddable":true,"href":"https:\/\/tameolipp.ee\/index.php?rest_route=\/wp\/v2\/media\/2810"}],"wp:attachment":[{"href":"https:\/\/tameolipp.ee\/index.php?rest_route=%2Fwp%2Fv2%2Fmedia&parent=2827"}],"wp:term":[{"taxonomy":"product_cat","embeddable":true,"href":"https:\/\/tameolipp.ee\/index.php?rest_route=%2Fwp%2Fv2%2Fproduct_cat&post=2827"},{"taxonomy":"product_tag","embeddable":true,"href":"https:\/\/tameolipp.ee\/index.php?rest_route=%2Fwp%2Fv2%2Fproduct_tag&post=2827"}],"curies":[{"name":"wp","href":"https:\/\/api.w.org\/{rel}","templated":true}]}}