{"id":2828,"date":"2024-03-06T14:52:14","date_gmt":"2024-03-06T14:52:14","guid":{"rendered":"https:\/\/tameolipp.ee\/?post_type=product&#038;p=2828"},"modified":"2026-04-20T13:09:15","modified_gmt":"2026-04-20T13:09:15","slug":"valdade-lipud","status":"publish","type":"product","link":"https:\/\/tameolipp.ee\/?product=valdade-lipud","title":{"rendered":"Valdade lipud"},"content":{"rendered":"<p>Valmistame valdade ja linnade s\u00fcmboolikaga lippe. Lippe valmistame \u00f5hukesele lipukangale ja Airmesh lipukangale (n\u00f6 auklik tuulekangas)<\/p>\n","protected":false},"excerpt":{"rendered":"<p>Valmistame valdade ja linnade s\u00fcmboolikaga lippe. Lippe valmistame \u00f5hukesele lipukangale ja Airmesh lipukangale (n\u00f6 auklik tuulekangas)<\/p>\n","protected":false},"featured_media":2807,"template":"","meta":[],"product_cat":[187],"product_tag":[],"class_list":{"0":"post-2828","1":"product","2":"type-product","3":"status-publish","4":"has-post-thumbnail","6":"product_cat-valdade-lipud","8":"first","9":"instock","10":"taxable","11":"shipping-taxable","12":"product-type-simple"},"aioseo_notices":[],"_links":{"self":[{"href":"https:\/\/tameolipp.ee\/index.php?rest_route=\/wp\/v2\/product\/2828","targetHints":{"allow":["GET"]}}],"collection":[{"href":"https:\/\/tameolipp.ee\/index.php?rest_route=\/wp\/v2\/product"}],"about":[{"href":"https:\/\/tameolipp.ee\/index.php?rest_route=\/wp\/v2\/types\/product"}],"wp:featuredmedia":[{"embeddable":true,"href":"https:\/\/tameolipp.ee\/index.php?rest_route=\/wp\/v2\/media\/2807"}],"wp:attachment":[{"href":"https:\/\/tameolipp.ee\/index.php?rest_route=%2Fwp%2Fv2%2Fmedia&parent=2828"}],"wp:term":[{"taxonomy":"product_cat","embeddable":true,"href":"https:\/\/tameolipp.ee\/index.php?rest_route=%2Fwp%2Fv2%2Fproduct_cat&post=2828"},{"taxonomy":"product_tag","embeddable":true,"href":"https:\/\/tameolipp.ee\/index.php?rest_route=%2Fwp%2Fv2%2Fproduct_tag&post=2828"}],"curies":[{"name":"wp","href":"https:\/\/api.w.org\/{rel}","templated":true}]}}