{"id":2930,"date":"2025-01-10T12:19:51","date_gmt":"2025-01-10T12:19:51","guid":{"rendered":"https:\/\/tameolipp.ee\/?post_type=product&#038;p=2930"},"modified":"2026-04-20T05:42:29","modified_gmt":"2026-04-20T05:42:29","slug":"lipumasti-valgusti-poleled-o2","status":"publish","type":"product","link":"https:\/\/tameolipp.ee\/?product=lipumasti-valgusti-poleled-o2","title":{"rendered":"Lipumasti valgusti PoleLed O2"},"content":{"rendered":"<ul>\n<li>V\u00fcimsus: 90W;<\/li>\n<li>Pinge: 24 V DC;<\/li>\n<li>Valmistatud alumiiniumist;<\/li>\n<li>LED pirnide arv: 28 tk.;<\/li>\n<li>Valgusvoog: 9500 luumenit;<\/li>\n<li>LED-i eluiga: 50000+ tundi;<\/li>\n<li>Saadaval valguse v\u00e4rvitemperatuur (K): 3000, 4000, 5000;<\/li>\n<li>Kaabli pikkus: 10 m;<\/li>\n<li>M\u00f5\u00f5dud: 360&#215;325 mm;<\/li>\n<li>Sobib kuni 225 mm l\u00e4bim\u00f5\u00f5duga mastidele.<\/li>\n<\/ul>\n","protected":false},"excerpt":{"rendered":"<p>V\u00fcimsus: 90W; Pinge: 24 V DC; Valmistatud alumiiniumist; LED pirnide arv: 28 tk.; Valgusvoog: 9500 luumenit; LED-i eluiga: 50000+ tundi; Saadaval valguse v\u00e4rvitemperatuur (K): 3000, 4000, 5000; Kaabli pikkus: 10 m; M\u00f5\u00f5dud: 360&#215;325 mm; Sobib kuni 225 mm l\u00e4bim\u00f5\u00f5duga mastidele.<\/p>\n","protected":false},"featured_media":2929,"template":"","meta":[],"product_cat":[188],"product_tag":[],"class_list":{"0":"post-2930","1":"product","2":"type-product","3":"status-publish","4":"has-post-thumbnail","6":"product_cat-lipumasti-valgustid","8":"first","9":"instock","10":"taxable","11":"shipping-taxable","12":"product-type-simple"},"aioseo_notices":[],"_links":{"self":[{"href":"https:\/\/tameolipp.ee\/index.php?rest_route=\/wp\/v2\/product\/2930","targetHints":{"allow":["GET"]}}],"collection":[{"href":"https:\/\/tameolipp.ee\/index.php?rest_route=\/wp\/v2\/product"}],"about":[{"href":"https:\/\/tameolipp.ee\/index.php?rest_route=\/wp\/v2\/types\/product"}],"wp:featuredmedia":[{"embeddable":true,"href":"https:\/\/tameolipp.ee\/index.php?rest_route=\/wp\/v2\/media\/2929"}],"wp:attachment":[{"href":"https:\/\/tameolipp.ee\/index.php?rest_route=%2Fwp%2Fv2%2Fmedia&parent=2930"}],"wp:term":[{"taxonomy":"product_cat","embeddable":true,"href":"https:\/\/tameolipp.ee\/index.php?rest_route=%2Fwp%2Fv2%2Fproduct_cat&post=2930"},{"taxonomy":"product_tag","embeddable":true,"href":"https:\/\/tameolipp.ee\/index.php?rest_route=%2Fwp%2Fv2%2Fproduct_tag&post=2930"}],"curies":[{"name":"wp","href":"https:\/\/api.w.org\/{rel}","templated":true}]}}