{"id":2933,"date":"2025-01-10T13:35:54","date_gmt":"2025-01-10T13:35:54","guid":{"rendered":"https:\/\/tameolipp.ee\/?post_type=product&#038;p=2933"},"modified":"2026-04-20T00:30:25","modified_gmt":"2026-04-20T00:30:25","slug":"lipumasti-valgusti-poleled-extended","status":"publish","type":"product","link":"https:\/\/tameolipp.ee\/?product=lipumasti-valgusti-poleled-extended","title":{"rendered":"Lipumasti valgusti PoleLed Extended"},"content":{"rendered":"<ul>\n<li>V\u00f5imsus: 50W;<\/li>\n<li>Pinge: 24 V DC;<\/li>\n<li>Valmistatud alumiiniumist;<\/li>\n<li>LED pirnide kogus: 10 tk.;<\/li>\n<li>Valgusvoog: 5000 luumenit;<\/li>\n<li>LED-i eluiga: 50000+ tundi;<\/li>\n<li>Saadaval valguse v\u00e4rvitemperatuur (K): 3000, 4000, 5000;<\/li>\n<li>Kaabli pikkus: 7 m;<\/li>\n<li>M\u00f5\u00f5dud: 260&#215;185 mm;<\/li>\n<li>Sobib kuni 145 mm l\u00e4bim\u00f5\u00f5duga mastidele;<\/li>\n<li>Valgustus saab paigaldatud masti keskele v\u00f5i\u00a0 ca 1,3 meetri kaugusele maapinnast.(Nordmast lipumastidele)<\/li>\n<\/ul>\n","protected":false},"excerpt":{"rendered":"<p>V\u00f5imsus: 50W; Pinge: 24 V DC; Valmistatud alumiiniumist; LED pirnide kogus: 10 tk.; Valgusvoog: 5000 luumenit; LED-i eluiga: 50000+ tundi; Saadaval valguse v\u00e4rvitemperatuur (K): 3000, 4000, 5000; Kaabli pikkus: 7 m; M\u00f5\u00f5dud: 260&#215;185 mm; Sobib kuni 145 mm l\u00e4bim\u00f5\u00f5duga mastidele; Valgustus saab paigaldatud masti keskele v\u00f5i\u00a0 ca 1,3 meetri kaugusele maapinnast.(Nordmast lipumastidele)<\/p>\n","protected":false},"featured_media":2932,"template":"","meta":[],"product_cat":[188],"product_tag":[],"class_list":{"0":"post-2933","1":"product","2":"type-product","3":"status-publish","4":"has-post-thumbnail","6":"product_cat-lipumasti-valgustid","8":"first","9":"instock","10":"taxable","11":"shipping-taxable","12":"product-type-simple"},"aioseo_notices":[],"_links":{"self":[{"href":"https:\/\/tameolipp.ee\/index.php?rest_route=\/wp\/v2\/product\/2933","targetHints":{"allow":["GET"]}}],"collection":[{"href":"https:\/\/tameolipp.ee\/index.php?rest_route=\/wp\/v2\/product"}],"about":[{"href":"https:\/\/tameolipp.ee\/index.php?rest_route=\/wp\/v2\/types\/product"}],"wp:featuredmedia":[{"embeddable":true,"href":"https:\/\/tameolipp.ee\/index.php?rest_route=\/wp\/v2\/media\/2932"}],"wp:attachment":[{"href":"https:\/\/tameolipp.ee\/index.php?rest_route=%2Fwp%2Fv2%2Fmedia&parent=2933"}],"wp:term":[{"taxonomy":"product_cat","embeddable":true,"href":"https:\/\/tameolipp.ee\/index.php?rest_route=%2Fwp%2Fv2%2Fproduct_cat&post=2933"},{"taxonomy":"product_tag","embeddable":true,"href":"https:\/\/tameolipp.ee\/index.php?rest_route=%2Fwp%2Fv2%2Fproduct_tag&post=2933"}],"curies":[{"name":"wp","href":"https:\/\/api.w.org\/{rel}","templated":true}]}}