{"id":2934,"date":"2025-01-10T13:39:34","date_gmt":"2025-01-10T13:39:34","guid":{"rendered":"https:\/\/tameolipp.ee\/?post_type=product&#038;p=2934"},"modified":"2026-04-20T09:22:11","modified_gmt":"2026-04-20T09:22:11","slug":"lipumasti-valgusti-bannervision","status":"publish","type":"product","link":"https:\/\/tameolipp.ee\/?product=lipumasti-valgusti-bannervision","title":{"rendered":"Lipumasti valgusti BannerVision"},"content":{"rendered":"<ul>\n<li>V\u00f5imsus: 50W;<\/li>\n<li>Pinge: 24 V DC;<\/li>\n<li>Valmistatud alumiiniumist;<\/li>\n<li>LED pirnide arv: 12 tk.;<\/li>\n<li>Valgusvoog: 2300 luumenit;<\/li>\n<li>LED-i eluiga: 50000+ tundi;<\/li>\n<li>Saadaval valguse v\u00e4rvitemperatuur (K): 3000, 4000, 5000;<\/li>\n<li>Kaabli pikkus: 2 m;<\/li>\n<li>M\u00f5\u00f5dud: 375&#215;100 mm;<\/li>\n<li>Sobib kuni 220 mm l\u00e4bim\u00f5\u00f5duga mastidele.<\/li>\n<\/ul>\n","protected":false},"excerpt":{"rendered":"<p>V\u00f5imsus: 50W; Pinge: 24 V DC; Valmistatud alumiiniumist; LED pirnide arv: 12 tk.; Valgusvoog: 2300 luumenit; LED-i eluiga: 50000+ tundi; Saadaval valguse v\u00e4rvitemperatuur (K): 3000, 4000, 5000; Kaabli pikkus: 2 m; M\u00f5\u00f5dud: 375&#215;100 mm; Sobib kuni 220 mm l\u00e4bim\u00f5\u00f5duga mastidele.<\/p>\n","protected":false},"featured_media":2931,"template":"","meta":[],"product_cat":[188],"product_tag":[197,195,194],"class_list":{"0":"post-2934","1":"product","2":"type-product","3":"status-publish","4":"has-post-thumbnail","6":"product_cat-lipumasti-valgustid","7":"product_tag-lipu-valgusti","8":"product_tag-lipumasti-valgusti","9":"product_tag-masti-valgusti","11":"first","12":"instock","13":"taxable","14":"shipping-taxable","15":"product-type-simple"},"aioseo_notices":[],"_links":{"self":[{"href":"https:\/\/tameolipp.ee\/index.php?rest_route=\/wp\/v2\/product\/2934","targetHints":{"allow":["GET"]}}],"collection":[{"href":"https:\/\/tameolipp.ee\/index.php?rest_route=\/wp\/v2\/product"}],"about":[{"href":"https:\/\/tameolipp.ee\/index.php?rest_route=\/wp\/v2\/types\/product"}],"wp:featuredmedia":[{"embeddable":true,"href":"https:\/\/tameolipp.ee\/index.php?rest_route=\/wp\/v2\/media\/2931"}],"wp:attachment":[{"href":"https:\/\/tameolipp.ee\/index.php?rest_route=%2Fwp%2Fv2%2Fmedia&parent=2934"}],"wp:term":[{"taxonomy":"product_cat","embeddable":true,"href":"https:\/\/tameolipp.ee\/index.php?rest_route=%2Fwp%2Fv2%2Fproduct_cat&post=2934"},{"taxonomy":"product_tag","embeddable":true,"href":"https:\/\/tameolipp.ee\/index.php?rest_route=%2Fwp%2Fv2%2Fproduct_tag&post=2934"}],"curies":[{"name":"wp","href":"https:\/\/api.w.org\/{rel}","templated":true}]}}